{"id":7055,"date":"2019-06-10T13:14:45","date_gmt":"2019-06-10T11:14:45","guid":{"rendered":"https:\/\/www.cabe.it\/cas-reussis\/"},"modified":"2019-06-10T13:14:48","modified_gmt":"2019-06-10T11:14:48","slug":"cas-reussis","status":"publish","type":"page","link":"https:\/\/www.cabe.it\/fr\/cas-reussis\/","title":{"rendered":"Cas r\u00e9ussis"},"content":{"rendered":"<div class=\"fusion-fullwidth fullwidth-box fusion-builder-row-1 nonhundred-percent-fullwidth non-hundred-percent-height-scrolling\" style=\"--awb-background-position:left top;--awb-border-radius-top-left:0px;--awb-border-radius-top-right:0px;--awb-border-radius-bottom-right:0px;--awb-border-radius-bottom-left:0px;--awb-padding-top:150px;--awb-padding-bottom:150px;--awb-border-sizes-top:0px;--awb-border-sizes-bottom:0px;--awb-flex-wrap:wrap;\" ><div class=\"fusion-builder-row fusion-row\"><div class=\"fusion-layout-column fusion_builder_column fusion-builder-column-0 fusion_builder_column_1_1 1_1 fusion-one-full fusion-column-first fusion-column-last fusion-column-no-min-height\" style=\"--awb-bg-size:cover;--awb-margin-bottom:0px;\"><div class=\"fusion-column-wrapper fusion-flex-column-wrapper-legacy\"><div class=\"fusion-recent-works fusion-portfolio-element fusion-portfolio fusion-portfolio-1 fusion-portfolio-grid fusion-portfolio-paging-pagination fusion-portfolio-three fusion-portfolio-no_text fusion-portfolio-rollover\" data-id=\"-rw-1\" data-columns=\"three\"><style type=\"text\/css\">.fusion-portfolio-1 .fusion-portfolio-wrapper .fusion-col-spacing{padding:15px;}<\/style><div class=\"fusion-portfolio-wrapper\" id=\"fusion-portfolio-1\" data-picturesize=\"auto\" data-pages=\"1\" style=\"margin:-15px;\"><article id=\"portfolio-1-post-7103\" class=\"fusion-portfolio-post machines-outils fusion-col-spacing post-7103\"><div class=\"fusion-portfolio-content-wrapper\" style=\"border:none;\"><span class=\"entry-title rich-snippet-hidden\">Cas r\u00e9ussis: Mortaiseuse ST5 CNC<\/span><span class=\"vcard rich-snippet-hidden\"><span class=\"fn\"><a href=\"https:\/\/www.cabe.it\/fr\/author\/cabeadmin\/\" title=\"Posts by cabeadmin\" rel=\"author\">cabeadmin<\/a><\/span><\/span><div  class=\"fusion-image-wrapper\" aria-haspopup=\"true\">\n\t\t\t\t<img decoding=\"async\" width=\"800\" height=\"541\" src=\"https:\/\/www.cabe.it\/wp-content\/uploads\/2015\/02\/stozzatrice_krimpen.jpg\" class=\"attachment-full size-full wp-post-image\" alt=\"Mortaiseuse de pr\u00e9cision Cabe avec mise en mouvement contro\u0302le\u0301e de 5 axes\" srcset=\"https:\/\/www.cabe.it\/wp-content\/uploads\/2015\/02\/stozzatrice_krimpen-200x135.jpg 200w, https:\/\/www.cabe.it\/wp-content\/uploads\/2015\/02\/stozzatrice_krimpen-400x271.jpg 400w, https:\/\/www.cabe.it\/wp-content\/uploads\/2015\/02\/stozzatrice_krimpen-600x406.jpg 600w, https:\/\/www.cabe.it\/wp-content\/uploads\/2015\/02\/stozzatrice_krimpen.jpg 800w\" sizes=\"(min-width: 2200px) 100vw, (min-width: 784px) 370px, (min-width: 712px) 555px, (min-width: 640px) 712px, \" \/><div class=\"fusion-rollover\">\n\t<div class=\"fusion-rollover-content\">\n\n\t\t\t\t\t\t\t\t\t\t\t\t\t\t<a class=\"fusion-rollover-link\" href=\"https:\/\/www.cabe.it\/fr\/casi_di_studio\/cas-reussis-mortaiseuse-st5-cnc\/\">Cas r\u00e9ussis: Mortaiseuse ST5 CNC<\/a>\n\t\t\t\n\t\t\t\t\t\t\t\t\t\t\t\t\t\t\n\t\t\t\t\t\t\t\t\n\t\t\t\t\t\t\t\t\t\t\t\t\t<div class=\"fusion-rollover-sep\"><\/div>\n\t\t\t\t\n\t\t\t\t\t\t\t\t\t\t\t\t\t\t\t\t\t\t<a class=\"fusion-rollover-gallery\" href=\"https:\/\/www.cabe.it\/wp-content\/uploads\/2015\/02\/stozzatrice_krimpen.jpg\" data-options=\"\" data-id=\"7103\" data-rel=\"iLightbox[gallery-rw-1]\" data-title=\"Mortaiseuses de pr\u00e9cision\" data-caption=\"\">\n\t\t\t\t\t\tGallery\t\t\t\t\t<\/a>\n\t\t\t\t\t\t\t\t\t\t\t\t\t\t\n\t\t\n\t\t\t\t\t\t\t\t\t\t\t\t<h4 class=\"fusion-rollover-title\">\n\t\t\t\t\t<a class=\"fusion-rollover-title-link\" href=\"https:\/\/www.cabe.it\/fr\/casi_di_studio\/cas-reussis-mortaiseuse-st5-cnc\/\">\n\t\t\t\t\t\tCas r\u00e9ussis: Mortaiseuse ST5 CNC\t\t\t\t\t<\/a>\n\t\t\t\t<\/h4>\n\t\t\t\n\t\t\t\t\t\t\t\t\t\t<div class=\"fusion-rollover-categories\"><a href=\"https:\/\/www.cabe.it\/fr\/portfolio_category\/machines-outils\/\" rel=\"tag\">Machines-outils<\/a><\/div>\t\t\t\t\t\n\t\t\n\t\t\t\t\t\t<a class=\"fusion-link-wrapper\" href=\"https:\/\/www.cabe.it\/fr\/casi_di_studio\/cas-reussis-mortaiseuse-st5-cnc\/\" aria-label=\"Cas r\u00e9ussis: Mortaiseuse ST5 CNC\"><\/a>\n\t<\/div>\n<\/div>\n<\/div>\n<\/div><\/article><article id=\"portfolio-1-post-7100\" class=\"fusion-portfolio-post machines-outils fusion-col-spacing post-7100\"><div class=\"fusion-portfolio-content-wrapper\" style=\"border:none;\"><span class=\"entry-title rich-snippet-hidden\">Cas r\u00e9ussis: Rainureuse SC32-450<\/span><span class=\"vcard rich-snippet-hidden\"><span class=\"fn\"><a href=\"https:\/\/www.cabe.it\/fr\/author\/grethe\/\" title=\"Posts by Grethe\" rel=\"author\">Grethe<\/a><\/span><\/span><div  class=\"fusion-image-wrapper\" aria-haspopup=\"true\">\n\t\t\t\t<img decoding=\"async\" width=\"800\" height=\"541\" src=\"https:\/\/www.cabe.it\/wp-content\/uploads\/2019\/02\/scanalatrice-sc32-450-2.jpg\" class=\"attachment-full size-full wp-post-image\" alt=\"Rainureuse SC32-450 r\u00e9alis\u00e9e pour l&#039;Italie\" srcset=\"https:\/\/www.cabe.it\/wp-content\/uploads\/2019\/02\/scanalatrice-sc32-450-2-200x135.jpg 200w, https:\/\/www.cabe.it\/wp-content\/uploads\/2019\/02\/scanalatrice-sc32-450-2-400x271.jpg 400w, https:\/\/www.cabe.it\/wp-content\/uploads\/2019\/02\/scanalatrice-sc32-450-2-600x406.jpg 600w, https:\/\/www.cabe.it\/wp-content\/uploads\/2019\/02\/scanalatrice-sc32-450-2.jpg 800w\" sizes=\"(min-width: 2200px) 100vw, (min-width: 784px) 370px, (min-width: 712px) 555px, (min-width: 640px) 712px, \" \/><div class=\"fusion-rollover\">\n\t<div class=\"fusion-rollover-content\">\n\n\t\t\t\t\t\t\t\t\t\t\t\t\t\t<a class=\"fusion-rollover-link\" href=\"https:\/\/www.cabe.it\/fr\/casi_di_studio\/cas-reussis-rainureuse-sc32-450\/\">Cas r\u00e9ussis: Rainureuse SC32-450<\/a>\n\t\t\t\n\t\t\t\t\t\t\t\t\t\t\t\t\t\t\n\t\t\t\t\t\t\t\t\n\t\t\t\t\t\t\t\t\t\t\t\t\t<div class=\"fusion-rollover-sep\"><\/div>\n\t\t\t\t\n\t\t\t\t\t\t\t\t\t\t\t\t\t\t\t\t\t\t<a class=\"fusion-rollover-gallery\" href=\"https:\/\/www.cabe.it\/wp-content\/uploads\/2019\/02\/scanalatrice-sc32-450-2.jpg\" data-options=\"\" data-id=\"7100\" data-rel=\"iLightbox[gallery-rw-1]\" data-title=\"Rainureuse SC32-450\" data-caption=\"\">\n\t\t\t\t\t\tGallery\t\t\t\t\t<\/a>\n\t\t\t\t\t\t\t\t\t\t\t\t\t\t\n\t\t\n\t\t\t\t\t\t\t\t\t\t\t\t<h4 class=\"fusion-rollover-title\">\n\t\t\t\t\t<a class=\"fusion-rollover-title-link\" href=\"https:\/\/www.cabe.it\/fr\/casi_di_studio\/cas-reussis-rainureuse-sc32-450\/\">\n\t\t\t\t\t\tCas r\u00e9ussis: Rainureuse SC32-450\t\t\t\t\t<\/a>\n\t\t\t\t<\/h4>\n\t\t\t\n\t\t\t\t\t\t\t\t\t\t<div class=\"fusion-rollover-categories\"><a href=\"https:\/\/www.cabe.it\/fr\/portfolio_category\/machines-outils\/\" rel=\"tag\">Machines-outils<\/a><\/div>\t\t\t\t\t\n\t\t\n\t\t\t\t\t\t<a class=\"fusion-link-wrapper\" href=\"https:\/\/www.cabe.it\/fr\/casi_di_studio\/cas-reussis-rainureuse-sc32-450\/\" aria-label=\"Cas r\u00e9ussis: Rainureuse SC32-450\"><\/a>\n\t<\/div>\n<\/div>\n<\/div>\n<\/div><\/article><article id=\"portfolio-1-post-7096\" class=\"fusion-portfolio-post machines-outils fusion-col-spacing post-7096\"><div class=\"fusion-portfolio-content-wrapper\" style=\"border:none;\"><span class=\"entry-title rich-snippet-hidden\">Cas r\u00e9ussis: Rainureuse avec fixation automatique<\/span><span class=\"vcard rich-snippet-hidden\"><span class=\"fn\"><a href=\"https:\/\/www.cabe.it\/fr\/author\/grethe\/\" title=\"Posts by Grethe\" rel=\"author\">Grethe<\/a><\/span><\/span><div  class=\"fusion-image-wrapper\" aria-haspopup=\"true\">\n\t\t\t\t<img decoding=\"async\" width=\"800\" height=\"541\" src=\"https:\/\/www.cabe.it\/wp-content\/uploads\/2019\/02\/scanalatrice.jpg\" class=\"attachment-full size-full wp-post-image\" alt=\"Rainureuse Cabe SC32-450 faite pour l&#039;Italie\" srcset=\"https:\/\/www.cabe.it\/wp-content\/uploads\/2019\/02\/scanalatrice-200x135.jpg 200w, https:\/\/www.cabe.it\/wp-content\/uploads\/2019\/02\/scanalatrice-400x271.jpg 400w, https:\/\/www.cabe.it\/wp-content\/uploads\/2019\/02\/scanalatrice-600x406.jpg 600w, https:\/\/www.cabe.it\/wp-content\/uploads\/2019\/02\/scanalatrice.jpg 800w\" sizes=\"(min-width: 2200px) 100vw, (min-width: 784px) 370px, (min-width: 712px) 555px, (min-width: 640px) 712px, \" \/><div class=\"fusion-rollover\">\n\t<div class=\"fusion-rollover-content\">\n\n\t\t\t\t\t\t\t\t\t\t\t\t\t\t<a class=\"fusion-rollover-link\" href=\"https:\/\/www.cabe.it\/fr\/casi_di_studio\/cas-reussis-rainureuse-avec-fixation-automatique\/\">Cas r\u00e9ussis: Rainureuse avec fixation automatique<\/a>\n\t\t\t\n\t\t\t\t\t\t\t\t\t\t\t\t\t\t\n\t\t\t\t\t\t\t\t\n\t\t\t\t\t\t\t\t\t\t\t\t\t<div class=\"fusion-rollover-sep\"><\/div>\n\t\t\t\t\n\t\t\t\t\t\t\t\t\t\t\t\t\t\t\t\t\t\t<a class=\"fusion-rollover-gallery\" href=\"https:\/\/www.cabe.it\/wp-content\/uploads\/2019\/02\/scanalatrice.jpg\" data-options=\"\" data-id=\"7096\" data-rel=\"iLightbox[gallery-rw-1]\" data-title=\"Rainureuse\" data-caption=\"\">\n\t\t\t\t\t\tGallery\t\t\t\t\t<\/a>\n\t\t\t\t\t\t\t\t\t\t\t\t\t\t\n\t\t\n\t\t\t\t\t\t\t\t\t\t\t\t<h4 class=\"fusion-rollover-title\">\n\t\t\t\t\t<a class=\"fusion-rollover-title-link\" href=\"https:\/\/www.cabe.it\/fr\/casi_di_studio\/cas-reussis-rainureuse-avec-fixation-automatique\/\">\n\t\t\t\t\t\tCas r\u00e9ussis: Rainureuse avec fixation automatique\t\t\t\t\t<\/a>\n\t\t\t\t<\/h4>\n\t\t\t\n\t\t\t\t\t\t\t\t\t\t<div class=\"fusion-rollover-categories\"><a href=\"https:\/\/www.cabe.it\/fr\/portfolio_category\/machines-outils\/\" rel=\"tag\">Machines-outils<\/a><\/div>\t\t\t\t\t\n\t\t\n\t\t\t\t\t\t<a class=\"fusion-link-wrapper\" href=\"https:\/\/www.cabe.it\/fr\/casi_di_studio\/cas-reussis-rainureuse-avec-fixation-automatique\/\" aria-label=\"Cas r\u00e9ussis: Rainureuse avec fixation automatique\"><\/a>\n\t<\/div>\n<\/div>\n<\/div>\n<\/div><\/article><article id=\"portfolio-1-post-7092\" class=\"fusion-portfolio-post machines-outils fusion-col-spacing post-7092\"><div class=\"fusion-portfolio-content-wrapper\" style=\"border:none;\"><span class=\"entry-title rich-snippet-hidden\">Cas r\u00e9ussis: Mortaiseuse ST5-900L<\/span><span class=\"vcard rich-snippet-hidden\"><span class=\"fn\"><a href=\"https:\/\/www.cabe.it\/fr\/author\/grethe\/\" title=\"Posts by Grethe\" rel=\"author\">Grethe<\/a><\/span><\/span><div  class=\"fusion-image-wrapper\" aria-haspopup=\"true\">\n\t\t\t\t<img decoding=\"async\" width=\"800\" height=\"541\" src=\"https:\/\/www.cabe.it\/wp-content\/uploads\/2019\/02\/stozzatriceurumea.jpg\" class=\"attachment-full size-full wp-post-image\" alt=\"Mortaiseuse ST5-900L faite pour l&#039;Espagne\" srcset=\"https:\/\/www.cabe.it\/wp-content\/uploads\/2019\/02\/stozzatriceurumea-200x135.jpg 200w, https:\/\/www.cabe.it\/wp-content\/uploads\/2019\/02\/stozzatriceurumea-400x271.jpg 400w, https:\/\/www.cabe.it\/wp-content\/uploads\/2019\/02\/stozzatriceurumea-600x406.jpg 600w, https:\/\/www.cabe.it\/wp-content\/uploads\/2019\/02\/stozzatriceurumea.jpg 800w\" sizes=\"(min-width: 2200px) 100vw, (min-width: 784px) 370px, (min-width: 712px) 555px, (min-width: 640px) 712px, \" \/><div class=\"fusion-rollover\">\n\t<div class=\"fusion-rollover-content\">\n\n\t\t\t\t\t\t\t\t\t\t\t\t\t\t<a class=\"fusion-rollover-link\" href=\"https:\/\/www.cabe.it\/fr\/casi_di_studio\/cas-reussis-mortaiseuse-st5-900l\/\">Cas r\u00e9ussis: Mortaiseuse ST5-900L<\/a>\n\t\t\t\n\t\t\t\t\t\t\t\t\t\t\t\t\t\t\n\t\t\t\t\t\t\t\t\n\t\t\t\t\t\t\t\t\t\t\t\t\t<div class=\"fusion-rollover-sep\"><\/div>\n\t\t\t\t\n\t\t\t\t\t\t\t\t\t\t\t\t\t\t\t\t\t\t<a class=\"fusion-rollover-gallery\" href=\"https:\/\/www.cabe.it\/wp-content\/uploads\/2019\/02\/stozzatriceurumea.jpg\" data-options=\"\" data-id=\"7092\" data-rel=\"iLightbox[gallery-rw-1]\" data-title=\"Mortaiseuse ST5-900L\" data-caption=\"\">\n\t\t\t\t\t\tGallery\t\t\t\t\t<\/a>\n\t\t\t\t\t\t\t\t\t\t\t\t\t\t\n\t\t\n\t\t\t\t\t\t\t\t\t\t\t\t<h4 class=\"fusion-rollover-title\">\n\t\t\t\t\t<a class=\"fusion-rollover-title-link\" href=\"https:\/\/www.cabe.it\/fr\/casi_di_studio\/cas-reussis-mortaiseuse-st5-900l\/\">\n\t\t\t\t\t\tCas r\u00e9ussis: Mortaiseuse ST5-900L\t\t\t\t\t<\/a>\n\t\t\t\t<\/h4>\n\t\t\t\n\t\t\t\t\t\t\t\t\t\t<div class=\"fusion-rollover-categories\"><a href=\"https:\/\/www.cabe.it\/fr\/portfolio_category\/machines-outils\/\" rel=\"tag\">Machines-outils<\/a><\/div>\t\t\t\t\t\n\t\t\n\t\t\t\t\t\t<a class=\"fusion-link-wrapper\" href=\"https:\/\/www.cabe.it\/fr\/casi_di_studio\/cas-reussis-mortaiseuse-st5-900l\/\" aria-label=\"Cas r\u00e9ussis: Mortaiseuse ST5-900L\"><\/a>\n\t<\/div>\n<\/div>\n<\/div>\n<\/div><\/article><article id=\"portfolio-1-post-7088\" class=\"fusion-portfolio-post machines-outils fusion-col-spacing post-7088\"><div class=\"fusion-portfolio-content-wrapper\" style=\"border:none;\"><span class=\"entry-title rich-snippet-hidden\">Cas r\u00e9ussis: Mortaiseuse ST4 CNC<\/span><span class=\"vcard rich-snippet-hidden\"><span class=\"fn\"><a href=\"https:\/\/www.cabe.it\/fr\/author\/grethe\/\" title=\"Posts by Grethe\" rel=\"author\">Grethe<\/a><\/span><\/span><div  class=\"fusion-image-wrapper\" aria-haspopup=\"true\">\n\t\t\t\t<img decoding=\"async\" width=\"800\" height=\"541\" src=\"https:\/\/www.cabe.it\/wp-content\/uploads\/2019\/02\/KVIST_2.jpg\" class=\"attachment-full size-full wp-post-image\" alt=\"Mortaiseuse ST4-410 pour la Su\u00e8de\" srcset=\"https:\/\/www.cabe.it\/wp-content\/uploads\/2019\/02\/KVIST_2-200x135.jpg 200w, https:\/\/www.cabe.it\/wp-content\/uploads\/2019\/02\/KVIST_2-400x271.jpg 400w, https:\/\/www.cabe.it\/wp-content\/uploads\/2019\/02\/KVIST_2-600x406.jpg 600w, https:\/\/www.cabe.it\/wp-content\/uploads\/2019\/02\/KVIST_2.jpg 800w\" sizes=\"(min-width: 2200px) 100vw, (min-width: 784px) 370px, (min-width: 712px) 555px, (min-width: 640px) 712px, \" \/><div class=\"fusion-rollover\">\n\t<div class=\"fusion-rollover-content\">\n\n\t\t\t\t\t\t\t\t\t\t\t\t\t\t<a class=\"fusion-rollover-link\" href=\"https:\/\/www.cabe.it\/fr\/casi_di_studio\/cas-reussis-mortaiseuse-st4-cnc\/\">Cas r\u00e9ussis: Mortaiseuse ST4 CNC<\/a>\n\t\t\t\n\t\t\t\t\t\t\t\t\t\t\t\t\t\t\n\t\t\t\t\t\t\t\t\n\t\t\t\t\t\t\t\t\t\t\t\t\t<div class=\"fusion-rollover-sep\"><\/div>\n\t\t\t\t\n\t\t\t\t\t\t\t\t\t\t\t\t\t\t\t\t\t\t<a class=\"fusion-rollover-gallery\" href=\"https:\/\/www.cabe.it\/wp-content\/uploads\/2019\/02\/KVIST_2.jpg\" data-options=\"\" data-id=\"7088\" data-rel=\"iLightbox[gallery-rw-1]\" data-title=\"Mortaiseuse ST4-410\" data-caption=\"\">\n\t\t\t\t\t\tGallery\t\t\t\t\t<\/a>\n\t\t\t\t\t\t\t\t\t\t\t\t\t\t\n\t\t\n\t\t\t\t\t\t\t\t\t\t\t\t<h4 class=\"fusion-rollover-title\">\n\t\t\t\t\t<a class=\"fusion-rollover-title-link\" href=\"https:\/\/www.cabe.it\/fr\/casi_di_studio\/cas-reussis-mortaiseuse-st4-cnc\/\">\n\t\t\t\t\t\tCas r\u00e9ussis: Mortaiseuse ST4 CNC\t\t\t\t\t<\/a>\n\t\t\t\t<\/h4>\n\t\t\t\n\t\t\t\t\t\t\t\t\t\t<div class=\"fusion-rollover-categories\"><a href=\"https:\/\/www.cabe.it\/fr\/portfolio_category\/machines-outils\/\" rel=\"tag\">Machines-outils<\/a><\/div>\t\t\t\t\t\n\t\t\n\t\t\t\t\t\t<a class=\"fusion-link-wrapper\" href=\"https:\/\/www.cabe.it\/fr\/casi_di_studio\/cas-reussis-mortaiseuse-st4-cnc\/\" aria-label=\"Cas r\u00e9ussis: Mortaiseuse ST4 CNC\"><\/a>\n\t<\/div>\n<\/div>\n<\/div>\n<\/div><\/article><article id=\"portfolio-1-post-7081\" class=\"fusion-portfolio-post machines-outils fusion-col-spacing post-7081\"><div class=\"fusion-portfolio-content-wrapper\" style=\"border:none;\"><span class=\"entry-title rich-snippet-hidden\">Cas r\u00e9ussis: Machine \u00e0 brocher \u00e0 table mobile<\/span><span class=\"vcard rich-snippet-hidden\"><span class=\"fn\"><a href=\"https:\/\/www.cabe.it\/fr\/author\/grethe\/\" title=\"Posts by Grethe\" rel=\"author\">Grethe<\/a><\/span><\/span><div  class=\"fusion-image-wrapper\" aria-haspopup=\"true\">\n\t\t\t\t<img decoding=\"async\" width=\"800\" height=\"541\" src=\"https:\/\/www.cabe.it\/wp-content\/uploads\/2019\/02\/brocciatrice.jpg\" class=\"attachment-full size-full wp-post-image\" alt=\"Machine \u00e0 brocher \u00e0 table mobile r\u00e9alis\u00e9e sur mesure pour l&#039;Italie\" srcset=\"https:\/\/www.cabe.it\/wp-content\/uploads\/2019\/02\/brocciatrice-200x135.jpg 200w, https:\/\/www.cabe.it\/wp-content\/uploads\/2019\/02\/brocciatrice-400x271.jpg 400w, https:\/\/www.cabe.it\/wp-content\/uploads\/2019\/02\/brocciatrice-600x406.jpg 600w, https:\/\/www.cabe.it\/wp-content\/uploads\/2019\/02\/brocciatrice.jpg 800w\" sizes=\"(min-width: 2200px) 100vw, (min-width: 784px) 370px, (min-width: 712px) 555px, (min-width: 640px) 712px, \" \/><div class=\"fusion-rollover\">\n\t<div class=\"fusion-rollover-content\">\n\n\t\t\t\t\t\t\t\t\t\t\t\t\t\t<a class=\"fusion-rollover-link\" href=\"https:\/\/www.cabe.it\/fr\/casi_di_studio\/cas-reussis-machine-a-brocher-a-table-mobile\/\">Cas r\u00e9ussis: Machine \u00e0 brocher \u00e0 table mobile<\/a>\n\t\t\t\n\t\t\t\t\t\t\t\t\t\t\t\t\t\t\n\t\t\t\t\t\t\t\t\n\t\t\t\t\t\t\t\t\t\t\t\t\t<div class=\"fusion-rollover-sep\"><\/div>\n\t\t\t\t\n\t\t\t\t\t\t\t\t\t\t\t\t\t\t\t\t\t\t<a class=\"fusion-rollover-gallery\" href=\"https:\/\/www.cabe.it\/wp-content\/uploads\/2019\/02\/brocciatrice.jpg\" data-options=\"\" data-id=\"7081\" data-rel=\"iLightbox[gallery-rw-1]\" data-title=\"Machine \u00e0 brocher \u00e0 table mobile\" data-caption=\"\">\n\t\t\t\t\t\tGallery\t\t\t\t\t<\/a>\n\t\t\t\t\t\t\t\t\t\t\t\t\t\t\n\t\t\n\t\t\t\t\t\t\t\t\t\t\t\t<h4 class=\"fusion-rollover-title\">\n\t\t\t\t\t<a class=\"fusion-rollover-title-link\" href=\"https:\/\/www.cabe.it\/fr\/casi_di_studio\/cas-reussis-machine-a-brocher-a-table-mobile\/\">\n\t\t\t\t\t\tCas r\u00e9ussis: Machine \u00e0 brocher \u00e0 table mobile\t\t\t\t\t<\/a>\n\t\t\t\t<\/h4>\n\t\t\t\n\t\t\t\t\t\t\t\t\t\t<div class=\"fusion-rollover-categories\"><a href=\"https:\/\/www.cabe.it\/fr\/portfolio_category\/machines-outils\/\" rel=\"tag\">Machines-outils<\/a><\/div>\t\t\t\t\t\n\t\t\n\t\t\t\t\t\t<a class=\"fusion-link-wrapper\" href=\"https:\/\/www.cabe.it\/fr\/casi_di_studio\/cas-reussis-machine-a-brocher-a-table-mobile\/\" aria-label=\"Cas r\u00e9ussis: Machine \u00e0 brocher \u00e0 table mobile\"><\/a>\n\t<\/div>\n<\/div>\n<\/div>\n<\/div><\/article><\/div><\/div><div class=\"fusion-clearfix\"><\/div><\/div><\/div><\/div><\/div>\n","protected":false},"excerpt":{"rendered":"","protected":false},"author":3,"featured_media":0,"parent":0,"menu_order":0,"comment_status":"closed","ping_status":"closed","template":"","meta":{"footnotes":""},"class_list":["post-7055","page","type-page","status-publish","hentry"],"yoast_head":"<!-- This site is optimized with the Yoast SEO plugin v26.4 - https:\/\/yoast.com\/wordpress\/plugins\/seo\/ -->\n<title>Cas r\u00e9ussis | Cabe Stozzatrici - Machines-outils<\/title>\n<meta name=\"description\" content=\"Tous les mois nombreuses machines sortent des zones de production de Cabe. D\u00e9couvrez quelques-unes des r\u00e9alisations les plus int\u00e9ressantes.\" \/>\n<meta name=\"robots\" content=\"index, follow, max-snippet:-1, max-image-preview:large, max-video-preview:-1\" \/>\n<link rel=\"canonical\" href=\"https:\/\/www.cabe.it\/fr\/cas-reussis\/\" \/>\n<meta property=\"og:locale\" content=\"fr_FR\" \/>\n<meta property=\"og:type\" content=\"article\" \/>\n<meta property=\"og:title\" content=\"Cas r\u00e9ussis | Cabe Stozzatrici - Machines-outils\" \/>\n<meta property=\"og:description\" content=\"Tous les mois nombreuses machines sortent des zones de production de Cabe. D\u00e9couvrez quelques-unes des r\u00e9alisations les plus int\u00e9ressantes.\" \/>\n<meta property=\"og:url\" content=\"https:\/\/www.cabe.it\/fr\/cas-reussis\/\" \/>\n<meta property=\"og:site_name\" content=\"Cabe Stozzatrici - Machines-outils\" \/>\n<meta property=\"article:modified_time\" content=\"2019-06-10T11:14:48+00:00\" \/>\n<meta name=\"twitter:card\" content=\"summary_large_image\" \/>\n<meta name=\"twitter:label1\" content=\"Est. reading time\" \/>\n\t<meta name=\"twitter:data1\" content=\"1 minute\" \/>\n<script type=\"application\/ld+json\" class=\"yoast-schema-graph\">{\"@context\":\"https:\/\/schema.org\",\"@graph\":[{\"@type\":\"WebPage\",\"@id\":\"https:\/\/www.cabe.it\/fr\/cas-reussis\/\",\"url\":\"https:\/\/www.cabe.it\/fr\/cas-reussis\/\",\"name\":\"Cas r\u00e9ussis | Cabe Stozzatrici - Machines-outils\",\"isPartOf\":{\"@id\":\"https:\/\/www.cabe.it\/fr\/#website\"},\"datePublished\":\"2019-06-10T11:14:45+00:00\",\"dateModified\":\"2019-06-10T11:14:48+00:00\",\"description\":\"Tous les mois nombreuses machines sortent des zones de production de Cabe. D\u00e9couvrez quelques-unes des r\u00e9alisations les plus int\u00e9ressantes.\",\"breadcrumb\":{\"@id\":\"https:\/\/www.cabe.it\/fr\/cas-reussis\/#breadcrumb\"},\"inLanguage\":\"fr-FR\",\"potentialAction\":[{\"@type\":\"ReadAction\",\"target\":[\"https:\/\/www.cabe.it\/fr\/cas-reussis\/\"]}]},{\"@type\":\"BreadcrumbList\",\"@id\":\"https:\/\/www.cabe.it\/fr\/cas-reussis\/#breadcrumb\",\"itemListElement\":[{\"@type\":\"ListItem\",\"position\":1,\"name\":\"Home\",\"item\":\"https:\/\/www.cabe.it\/fr\/\"},{\"@type\":\"ListItem\",\"position\":2,\"name\":\"Cas r\u00e9ussis\"}]},{\"@type\":\"WebSite\",\"@id\":\"https:\/\/www.cabe.it\/fr\/#website\",\"url\":\"https:\/\/www.cabe.it\/fr\/\",\"name\":\"Cabe Stozzatrici - Machines-outils\",\"description\":\"Nous concevons et construisons Mortaiseuses, Brocheuses, Rainureuses et Affu\u0302teuses manuelles et CNC.\",\"publisher\":{\"@id\":\"https:\/\/www.cabe.it\/fr\/#organization\"},\"potentialAction\":[{\"@type\":\"SearchAction\",\"target\":{\"@type\":\"EntryPoint\",\"urlTemplate\":\"https:\/\/www.cabe.it\/fr\/?s={search_term_string}\"},\"query-input\":{\"@type\":\"PropertyValueSpecification\",\"valueRequired\":true,\"valueName\":\"search_term_string\"}}],\"inLanguage\":\"fr-FR\"},{\"@type\":\"Organization\",\"@id\":\"https:\/\/www.cabe.it\/fr\/#organization\",\"name\":\"Cabe Stozzatrici Srl\",\"url\":\"https:\/\/www.cabe.it\/fr\/\",\"logo\":{\"@type\":\"ImageObject\",\"inLanguage\":\"fr-FR\",\"@id\":\"https:\/\/www.cabe.it\/fr\/#\/schema\/logo\/image\/\",\"url\":\"https:\/\/www.cabe.it\/wp-content\/uploads\/2019\/03\/logocabe.png\",\"contentUrl\":\"https:\/\/www.cabe.it\/wp-content\/uploads\/2019\/03\/logocabe.png\",\"width\":512,\"height\":512,\"caption\":\"Cabe Stozzatrici Srl\"},\"image\":{\"@id\":\"https:\/\/www.cabe.it\/fr\/#\/schema\/logo\/image\/\"}}]}<\/script>\n<!-- \/ Yoast SEO plugin. -->","yoast_head_json":{"title":"Cas r\u00e9ussis | Cabe Stozzatrici - Machines-outils","description":"Tous les mois nombreuses machines sortent des zones de production de Cabe. D\u00e9couvrez quelques-unes des r\u00e9alisations les plus int\u00e9ressantes.","robots":{"index":"index","follow":"follow","max-snippet":"max-snippet:-1","max-image-preview":"max-image-preview:large","max-video-preview":"max-video-preview:-1"},"canonical":"https:\/\/www.cabe.it\/fr\/cas-reussis\/","og_locale":"fr_FR","og_type":"article","og_title":"Cas r\u00e9ussis | Cabe Stozzatrici - Machines-outils","og_description":"Tous les mois nombreuses machines sortent des zones de production de Cabe. D\u00e9couvrez quelques-unes des r\u00e9alisations les plus int\u00e9ressantes.","og_url":"https:\/\/www.cabe.it\/fr\/cas-reussis\/","og_site_name":"Cabe Stozzatrici - Machines-outils","article_modified_time":"2019-06-10T11:14:48+00:00","twitter_card":"summary_large_image","twitter_misc":{"Est. reading time":"1 minute"},"schema":{"@context":"https:\/\/schema.org","@graph":[{"@type":"WebPage","@id":"https:\/\/www.cabe.it\/fr\/cas-reussis\/","url":"https:\/\/www.cabe.it\/fr\/cas-reussis\/","name":"Cas r\u00e9ussis | Cabe Stozzatrici - Machines-outils","isPartOf":{"@id":"https:\/\/www.cabe.it\/fr\/#website"},"datePublished":"2019-06-10T11:14:45+00:00","dateModified":"2019-06-10T11:14:48+00:00","description":"Tous les mois nombreuses machines sortent des zones de production de Cabe. D\u00e9couvrez quelques-unes des r\u00e9alisations les plus int\u00e9ressantes.","breadcrumb":{"@id":"https:\/\/www.cabe.it\/fr\/cas-reussis\/#breadcrumb"},"inLanguage":"fr-FR","potentialAction":[{"@type":"ReadAction","target":["https:\/\/www.cabe.it\/fr\/cas-reussis\/"]}]},{"@type":"BreadcrumbList","@id":"https:\/\/www.cabe.it\/fr\/cas-reussis\/#breadcrumb","itemListElement":[{"@type":"ListItem","position":1,"name":"Home","item":"https:\/\/www.cabe.it\/fr\/"},{"@type":"ListItem","position":2,"name":"Cas r\u00e9ussis"}]},{"@type":"WebSite","@id":"https:\/\/www.cabe.it\/fr\/#website","url":"https:\/\/www.cabe.it\/fr\/","name":"Cabe Stozzatrici - Machines-outils","description":"Nous concevons et construisons Mortaiseuses, Brocheuses, Rainureuses et Affu\u0302teuses manuelles et CNC.","publisher":{"@id":"https:\/\/www.cabe.it\/fr\/#organization"},"potentialAction":[{"@type":"SearchAction","target":{"@type":"EntryPoint","urlTemplate":"https:\/\/www.cabe.it\/fr\/?s={search_term_string}"},"query-input":{"@type":"PropertyValueSpecification","valueRequired":true,"valueName":"search_term_string"}}],"inLanguage":"fr-FR"},{"@type":"Organization","@id":"https:\/\/www.cabe.it\/fr\/#organization","name":"Cabe Stozzatrici Srl","url":"https:\/\/www.cabe.it\/fr\/","logo":{"@type":"ImageObject","inLanguage":"fr-FR","@id":"https:\/\/www.cabe.it\/fr\/#\/schema\/logo\/image\/","url":"https:\/\/www.cabe.it\/wp-content\/uploads\/2019\/03\/logocabe.png","contentUrl":"https:\/\/www.cabe.it\/wp-content\/uploads\/2019\/03\/logocabe.png","width":512,"height":512,"caption":"Cabe Stozzatrici Srl"},"image":{"@id":"https:\/\/www.cabe.it\/fr\/#\/schema\/logo\/image\/"}}]}},"_links":{"self":[{"href":"https:\/\/www.cabe.it\/fr\/wp-json\/wp\/v2\/pages\/7055","targetHints":{"allow":["GET"]}}],"collection":[{"href":"https:\/\/www.cabe.it\/fr\/wp-json\/wp\/v2\/pages"}],"about":[{"href":"https:\/\/www.cabe.it\/fr\/wp-json\/wp\/v2\/types\/page"}],"author":[{"embeddable":true,"href":"https:\/\/www.cabe.it\/fr\/wp-json\/wp\/v2\/users\/3"}],"replies":[{"embeddable":true,"href":"https:\/\/www.cabe.it\/fr\/wp-json\/wp\/v2\/comments?post=7055"}],"version-history":[{"count":1,"href":"https:\/\/www.cabe.it\/fr\/wp-json\/wp\/v2\/pages\/7055\/revisions"}],"predecessor-version":[{"id":7056,"href":"https:\/\/www.cabe.it\/fr\/wp-json\/wp\/v2\/pages\/7055\/revisions\/7056"}],"wp:attachment":[{"href":"https:\/\/www.cabe.it\/fr\/wp-json\/wp\/v2\/media?parent=7055"}],"curies":[{"name":"wp","href":"https:\/\/api.w.org\/{rel}","templated":true}]}}