{"id":7003,"date":"2019-06-05T20:06:11","date_gmt":"2019-06-05T18:06:11","guid":{"rendered":"https:\/\/www.cabe.it\/contacts\/"},"modified":"2019-06-19T19:05:52","modified_gmt":"2019-06-19T17:05:52","slug":"contacts","status":"publish","type":"page","link":"https:\/\/www.cabe.it\/fr\/contacts\/","title":{"rendered":"Contacts"},"content":{"rendered":"<p><div class=\"fusion-fullwidth fullwidth-box fusion-builder-row-1 nonhundred-percent-fullwidth non-hundred-percent-height-scrolling\" style=\"--awb-background-position:center bottom;--awb-border-radius-top-left:0px;--awb-border-radius-top-right:0px;--awb-border-radius-bottom-right:0px;--awb-border-radius-bottom-left:0px;--awb-padding-top:80px;--awb-padding-bottom:0px;--awb-border-sizes-top:0px;--awb-border-sizes-bottom:0px;--awb-flex-wrap:wrap;\" ><div class=\"fusion-builder-row fusion-row\"><div class=\"fusion-layout-column fusion_builder_column fusion-builder-column-0 fusion_builder_column_2_3 2_3 fusion-two-third fusion-column-first\" style=\"--awb-padding-right:50px;--awb-bg-size:cover;width:65.3333%; margin-right: 4%;\"><div class=\"fusion-column-wrapper fusion-flex-column-wrapper-legacy\"><div class=\"fusion-sep-clear\"><\/div><div class=\"fusion-separator fusion-full-width-sep\" style=\"margin-left: auto;margin-right: auto;margin-top:36px;width:100%;\"><\/div><div class=\"fusion-sep-clear\"><\/div><div class=\"fusion-text fusion-text-1\"><h3><span style=\"color: #303030;\">Contacter Cabe<\/span><\/h3>\n<\/div><div class=\"fusion-sep-clear\"><\/div><div class=\"fusion-separator fusion-clearfix\" style=\"float:left;margin-bottom:40px;width:100%;max-width:300px;\"><div class=\"fusion-separator-border sep-single sep-solid\" style=\"--awb-height:20px;--awb-amount:20px;--awb-sep-color:#303030;border-color:#303030;border-top-width:1px;\"><\/div><\/div><div class=\"fusion-sep-clear\"><\/div>\n<div class=\"wpcf7 no-js\" id=\"wpcf7-f7117-o1\" lang=\"it-IT\" dir=\"ltr\" data-wpcf7-id=\"7117\">\n<div class=\"screen-reader-response\"><p role=\"status\" aria-live=\"polite\" aria-atomic=\"true\"><\/p> <ul><\/ul><\/div>\n<form action=\"\/fr\/wp-json\/wp\/v2\/pages\/7003#wpcf7-f7117-o1\" method=\"post\" class=\"wpcf7-form init\" aria-label=\"Contact form\" novalidate=\"novalidate\" data-status=\"init\">\n<fieldset class=\"hidden-fields-container\"><input type=\"hidden\" name=\"_wpcf7\" value=\"7117\" \/><input type=\"hidden\" name=\"_wpcf7_version\" value=\"6.1.3\" \/><input type=\"hidden\" name=\"_wpcf7_locale\" value=\"it_IT\" \/><input type=\"hidden\" name=\"_wpcf7_unit_tag\" value=\"wpcf7-f7117-o1\" \/><input type=\"hidden\" name=\"_wpcf7_container_post\" value=\"0\" \/><input type=\"hidden\" name=\"_wpcf7_posted_data_hash\" value=\"\" \/><input type=\"hidden\" name=\"_wpcf7_recaptcha_response\" value=\"\" \/>\n<\/fieldset>\n<p><label> Votre nom (obligatoire)<br \/>\n<span class=\"wpcf7-form-control-wrap\" data-name=\"your-name\"><input size=\"40\" maxlength=\"400\" class=\"wpcf7-form-control wpcf7-text wpcf7-validates-as-required\" aria-required=\"true\" aria-invalid=\"false\" value=\"\" type=\"text\" name=\"your-name\" \/><\/span> <\/label>\n<\/p>\n<p><label> Votre email (obligatoire)<br \/>\n<span class=\"wpcf7-form-control-wrap\" data-name=\"your-email\"><input size=\"40\" maxlength=\"400\" class=\"wpcf7-form-control wpcf7-email wpcf7-validates-as-required wpcf7-text wpcf7-validates-as-email\" aria-required=\"true\" aria-invalid=\"false\" value=\"\" type=\"email\" name=\"your-email\" \/><\/span> <\/label>\n<\/p>\n<p><label> Objet<br \/>\n<span class=\"wpcf7-form-control-wrap\" data-name=\"your-subject\"><input size=\"40\" maxlength=\"400\" class=\"wpcf7-form-control wpcf7-text\" aria-invalid=\"false\" value=\"\" type=\"text\" name=\"your-subject\" \/><\/span> <\/label>\n<\/p>\n<p><label> Votre message<br \/>\n<span class=\"wpcf7-form-control-wrap\" data-name=\"your-message\"><textarea cols=\"40\" rows=\"10\" maxlength=\"2000\" class=\"wpcf7-form-control wpcf7-textarea\" aria-invalid=\"false\" name=\"your-message\"><\/textarea><\/span> <\/label>\n<\/p>\n<p><span class=\"wpcf7-form-control-wrap\" data-name=\"acceptance-250\"><span class=\"wpcf7-form-control wpcf7-acceptance\"><span class=\"wpcf7-list-item\"><label><input type=\"checkbox\" name=\"acceptance-250\" value=\"1\" aria-invalid=\"false\" \/><span class=\"wpcf7-list-item-label\">J'accepte la <a href=\"\/\/www.cabe.it\/en\/privacy-policy\/\">Politique de confidentialit\u00e9<\/a> et j'accepte les <a href=\"\/\/www.cabe.it\/en\/privacy-policy\/\">conditions d'utilisation<\/a><\/span><\/label><\/span><\/span><\/span>\n<\/p>\n<p><span class=\"wpcf7-form-control-wrap\" data-name=\"acceptance-251\"><span class=\"wpcf7-form-control wpcf7-acceptance optional\"><span class=\"wpcf7-list-item\"><label><input type=\"checkbox\" name=\"acceptance-251\" value=\"1\" aria-invalid=\"false\" \/><span class=\"wpcf7-list-item-label\">J'autorise le traitement de mes donn\u00e9es personnelles afin de recevoir des communications commerciales et promotionnelles sur les produits et services offerts - par des m\u00e9thodes de contact automatis\u00e9es et traditionnelles - et \/ ou des invitations \u00e0 des \u00e9v\u00e9nements de la soci\u00e9t\u00e9, ainsi que pour des \u00e9tudes de march\u00e9, des analyses statistiques et des enqu\u00eates de satisfaction. <a href=\"\/\/www.cabe.it\/en\/privacy-policy\/\">Lire la politique<\/a><\/span><\/label><\/span><\/span><\/span>\n<\/p>\n<p><input class=\"wpcf7-form-control wpcf7-submit has-spinner\" type=\"submit\" value=\"Envoyer\" \/>\n<\/p><div class=\"fusion-alert alert custom alert-custom fusion-alert-center wpcf7-response-output fusion-alert-capitalize awb-alert-native-link-color alert-dismissable awb-alert-close-boxed\" style=\"--awb-border-size:1px;--awb-border-top-left-radius:0px;--awb-border-top-right-radius:0px;--awb-border-bottom-left-radius:0px;--awb-border-bottom-right-radius:0px;\" role=\"alert\"><div class=\"fusion-alert-content-wrapper\"><span class=\"fusion-alert-content\"><\/span><\/div><button type=\"button\" class=\"close toggle-alert\" data-dismiss=\"alert\" aria-label=\"Close\">&times;<\/button><\/div>\n<\/form>\n<\/div>\n<div class=\"fusion-clearfix\"><\/div><\/div><\/div><div class=\"fusion-layout-column fusion_builder_column fusion-builder-column-1 fusion_builder_column_1_3 1_3 fusion-one-third fusion-column-last\" style=\"--awb-padding-top:40px;--awb-padding-right:50px;--awb-padding-bottom:20px;--awb-padding-left:50px;--awb-bg-color:#f7f7f7;--awb-bg-color-hover:#f7f7f7;--awb-bg-size:cover;width:30.6666%;\"><div class=\"fusion-column-wrapper fusion-flex-column-wrapper-legacy\"><div class=\"fusion-text fusion-text-2\"><h3><span style=\"color: #303030;\">Cabe Stozzatrici Srl<\/span><\/h3>\n<\/div><div class=\"fusion-sep-clear\"><\/div><div class=\"fusion-separator fusion-full-width-sep\" style=\"margin-left: auto;margin-right: auto;margin-bottom:40px;width:100%;\"><div class=\"fusion-separator-border sep-single sep-solid\" style=\"--awb-height:20px;--awb-amount:20px;--awb-sep-color:#303030;border-color:#303030;border-top-width:1px;\"><\/div><\/div><div class=\"fusion-sep-clear\"><\/div><div class=\"fusion-text fusion-text-3\"><div class=\"fusion-text\">\n<p>Viale Duemila 4<br \/>\n27020 Borgo San Siro (PV), Italie<br \/>\n<a title=\"GOOGLE MAPS\" href=\"https:\/\/www.google.com\/maps\/place\/Cabe+Stozzatrici+S.r.l.\/@45.2387338,8.9083783,17z\/data=!4m12!1m6!3m5!1s0x47871deedf0ef173:0x6560666912981172!2sCabe+Stozzatrici+S.r.l.!8m2!3d45.23873!4d8.910567!3m4!1s0x47871deedf0ef173:0x6560666912981172!8m2!3d45.23873!4d8.910567\" target=\"_blank\" rel=\"noopener noreferrer\">Visualiser sur google maps\u00a0<\/a><\/p>\n<\/div>\n<p>Tel. +39 0382 874045<br \/>\nFax +39 0382 879203<\/p>\n<p><a title=\"dir.commerciale@cabe.it\" href=\"mailto:dir.commerciale@cabe.it\">dir.commerciale@cabe.it<\/a><br \/>\n<a title=\"cabestozzatrici@pec.it\" href=\"mailto:cabestozzatrici@pec.it\">cabestozzatrici@pec.it<\/a><\/p>\n<p>Num\u00e9ro de TVA: IT 02038330185<br \/>\nNum\u00e9ro d&#8217;immatriculation Pavia: 02038330185<br \/>\nCapital Social \u20ac 10.000,00<br \/>\nREA PV \u2013 240619<\/p>\n<p>Code univoque de facturation<br \/>\n\u00e9lectronique: SUBM70N<\/p>\n<p>Directeur:<br \/>\nMargherita Butt\u00e8<\/p>\n<\/div><div class=\"fusion-clearfix\"><\/div><\/div><\/div><\/div><\/div><div class=\"fusion-fullwidth fullwidth-box fusion-builder-row-2 nonhundred-percent-fullwidth non-hundred-percent-height-scrolling\" style=\"--awb-border-radius-top-left:0px;--awb-border-radius-top-right:0px;--awb-border-radius-bottom-right:0px;--awb-border-radius-bottom-left:0px;--awb-padding-top:50px;--awb-padding-bottom:60px;--awb-flex-wrap:wrap;\" ><div class=\"fusion-builder-row fusion-row\"><div class=\"fusion-layout-column fusion_builder_column fusion-builder-column-2 fusion_builder_column_1_3 1_3 fusion-one-third fusion-column-first\" style=\"--awb-padding-top:40px;--awb-padding-right:15px;--awb-padding-bottom:0px;--awb-padding-left:15px;--awb-bg-color:#f7f7f7;--awb-bg-color-hover:#f7f7f7;--awb-bg-size:cover;width:33.333333333333%;width:calc(33.333333333333% - ( ( 4% ) * 0.33333333333333 ) );margin-right: 4%;\"><div class=\"fusion-column-wrapper fusion-flex-column-wrapper-legacy\"><div class=\"fusion-text fusion-text-4\"><h3 style=\"text-align: center;\"><span style=\"color: #303030;\">Divisions commerciales<\/span><\/h3>\n<\/div><div class=\"fusion-sep-clear\"><\/div><div class=\"fusion-separator\" style=\"margin-left: auto;margin-right: auto;margin-bottom:0px;width:100%;max-width:300px;\"><div class=\"fusion-separator-border sep-single sep-solid\" style=\"--awb-height:20px;--awb-amount:20px;--awb-sep-color:#303030;border-color:#303030;border-top-width:1px;\"><\/div><\/div><div class=\"fusion-sep-clear\"><\/div><div class=\"fusion-content-boxes content-boxes columns row fusion-columns-1 fusion-columns-total-1 fusion-content-boxes-1 content-boxes-icon-on-top content-left\" style=\"--awb-backgroundcolor:#f7f7f7;--awb-iconcolor:#cecece;--awb-margin-top:0px;--awb-margin-bottom:-20px;--awb-hover-accent-color:#03a9f4;--awb-circle-hover-accent-color:#03a9f4;--awb-item-margin-bottom:40px;\" data-animationOffset=\"top-into-view\"><div style=\"--awb-backgroundcolor:#f7f7f7;--awb-iconcolor:#cecece;\" class=\"fusion-column content-box-column content-box-column content-box-column-1 col-lg-12 col-md-12 col-sm-12 fusion-content-box-hover content-box-column-last content-box-column-last-in-row\"><div class=\"col content-box-wrapper content-wrapper-background link-area-link-icon icon-hover-animation-fade\" data-animationOffset=\"top-into-view\"><div class=\"heading heading-with-icon icon-left\"><div aria-hidden=\"true\" class=\"image\"><img decoding=\"async\" src=\"https:\/\/www.cabe.it\/wp-content\/uploads\/2019\/02\/Logo-EKM_DEFcolor.png\" width=\"120\" height=\"62.2\" alt=\"\" \/><\/div><\/div><div class=\"fusion-clearfix\"><\/div><div class=\"content-container\">\n<p style=\"text-align: center;\">EKM ENGINEERING<br \/>\nLohbachstr. 12<br \/>\n58239 Schwerte, Germania<\/p>\n<p style=\"text-align: center;\">Tel. +49 2304 911 74 35<br \/>\nMobil: +49 160 873 1776<br \/>\nFax: +49 2304 911 74 36<\/p>\n<p style=\"text-align: center;\"><a title=\"m.berkenhoff@ekmengineering.de\" href=\"mailto:m.berkenhoff@ekmengineering.de\">m.berkenhoff@ekmengineering.de<\/a><br \/>\n<a title=\"www.ekmengineering.de\" href=\"http:\/\/www.ekmengineering.de\" target=\"_blank\" rel=\"noopener noreferrer\">www.ekmengineering.de<\/a><\/p>\n<\/div><\/div><\/div><div class=\"fusion-clearfix\"><\/div><\/div><div class=\"fusion-clearfix\"><\/div><\/div><\/div><div class=\"fusion-layout-column fusion_builder_column fusion-builder-column-3 fusion_builder_column_2_3 2_3 fusion-two-third fusion-column-last\" style=\"--awb-padding-top:40px;--awb-padding-right:50px;--awb-padding-bottom:20px;--awb-padding-left:50px;--awb-bg-color:#f7f7f7;--awb-bg-color-hover:#f7f7f7;--awb-bg-size:cover;width:66.666666666667%;width:calc(66.666666666667% - ( ( 4% ) * 0.66666666666667 ) );\"><div class=\"fusion-column-wrapper fusion-flex-column-wrapper-legacy\"><div class=\"fusion-text fusion-text-5\"><h3 style=\"text-align: center;\"><span style=\"color: #303030;\">Partner &amp; Repr\u00e9sentants <\/span><\/h3>\n<\/div><div class=\"fusion-sep-clear\"><\/div><div class=\"fusion-separator\" style=\"margin-left: auto;margin-right: auto;margin-bottom:33px;width:100%;max-width:300px;\"><div class=\"fusion-separator-border sep-single sep-solid\" style=\"--awb-height:20px;--awb-amount:20px;--awb-sep-color:#303030;border-color:#303030;border-top-width:1px;\"><\/div><\/div><div class=\"fusion-sep-clear\"><\/div><div class=\"fusion-content-boxes content-boxes columns row fusion-columns-2 fusion-columns-total-2 fusion-content-boxes-2 content-boxes-icon-on-top content-left\" style=\"--awb-iconcolor:#cecece;--awb-margin-top:0px;--awb-margin-bottom:0px;--awb-hover-accent-color:#03a9f4;--awb-circle-hover-accent-color:#03a9f4;\" data-animationOffset=\"top-into-view\"><div style=\"--awb-backgroundcolor:transparent;--awb-iconcolor:#cecece;\" class=\"fusion-column content-box-column content-box-column content-box-column-1 col-lg-6 col-md-6 col-sm-6 fusion-content-box-hover content-box-column-first-in-row\"><div class=\"col content-box-wrapper content-wrapper link-area-link-icon icon-hover-animation-fade\" data-animationOffset=\"top-into-view\"><div class=\"heading heading-with-icon icon-left\"><div aria-hidden=\"true\" class=\"image\"><img decoding=\"async\" src=\"https:\/\/www.cabe.it\/wp-content\/uploads\/2019\/02\/logo.png\" width=\"70\" height=\"68.83\" alt=\"BAP Macchine Utensili\" \/><\/div><\/div><div class=\"fusion-clearfix\"><\/div><div class=\"content-container\">BAP SPA<br \/>\nVia del Fonditore 7 &#8211; (Z.I Roveri)<br \/>\n40138 Bologna, Italia<\/p>\n<p>Tel. +39 051 533796<br \/>\nFax: +39 051533185<\/p>\n<p><a title=\"info@bapspa.it\" href=\"mailto:info@bapspa.it\">info@bapspa.it<\/a><br \/>\n<a title=\"www.bapspa.it\" href=\"http:\/\/www.bapspa.it\" target=\"_blank\" rel=\"noopener noreferrer\">www.bapspa.it<\/a><\/div><\/div><\/div><div style=\"--awb-backgroundcolor:transparent;--awb-iconcolor:#cecece;\" class=\"fusion-column content-box-column content-box-column content-box-column-2 col-lg-6 col-md-6 col-sm-6 fusion-content-box-hover content-box-column-last content-box-column-last-in-row\"><div class=\"col content-box-wrapper content-wrapper link-area-link-icon icon-hover-animation-fade\" data-animationOffset=\"top-into-view\"><div class=\"heading heading-with-icon icon-left\"><div aria-hidden=\"true\" class=\"image\"><img decoding=\"async\" src=\"https:\/\/www.cabe.it\/wp-content\/uploads\/2019\/03\/nuovologo.png\" width=\"300\" height=\"70.35\" alt=\"GTech Machines-Outils\" \/><\/div><\/div><div class=\"fusion-clearfix\"><\/div><div class=\"content-container\">GTECH Machines-Outils<br \/>\n15 Rue de Mainvaux<br \/>\n54130 Saint-Max, Francia<\/p>\n<p>Tel. +33 3 72 470673<\/p>\n<p><a title=\"contact@gtech-cnc.fr\" href=\"mailto:contact@gtech-cnc.fr\">contact@gtech-cnc.fr<\/a><br \/>\n<a title=\"www.gtech-cnc.fr\" href=\"http:\/\/www.gtech-cnc.fr\/\" target=\"_blank\" rel=\"noopener noreferrer\">www.gtech-cnc.fr<\/a><\/div><\/div><\/div><div class=\"fusion-clearfix\"><\/div><\/div><div class=\"fusion-clearfix\"><\/div><\/div><\/div><\/div><\/div><\/p>\n","protected":false},"excerpt":{"rendered":"","protected":false},"author":1,"featured_media":0,"parent":0,"menu_order":0,"comment_status":"closed","ping_status":"open","template":"100-width.php","meta":{"footnotes":""},"class_list":["post-7003","page","type-page","status-publish","hentry"],"yoast_head":"<!-- This site is optimized with the Yoast SEO plugin v26.4 - https:\/\/yoast.com\/wordpress\/plugins\/seo\/ -->\n<title>Contacts | Cabe Stozzatrici - Machines-outils<\/title>\n<meta name=\"description\" content=\"Cabe Stozzatrici srl - Viale Duemila 4 - 27020 Borgo San Siro (PV) - Italie - T\u00e9l\u00e9phone +39 0382 874045 - Fax +39 0382 879203.\" \/>\n<meta name=\"robots\" content=\"index, follow, max-snippet:-1, max-image-preview:large, max-video-preview:-1\" \/>\n<link rel=\"canonical\" href=\"https:\/\/www.cabe.it\/fr\/contacts\/\" \/>\n<meta property=\"og:locale\" content=\"fr_FR\" \/>\n<meta property=\"og:type\" content=\"article\" \/>\n<meta property=\"og:title\" content=\"Contacts | Cabe Stozzatrici - Machines-outils\" \/>\n<meta property=\"og:description\" content=\"Cabe Stozzatrici srl - Viale Duemila 4 - 27020 Borgo San Siro (PV) - Italie - T\u00e9l\u00e9phone +39 0382 874045 - Fax +39 0382 879203.\" \/>\n<meta property=\"og:url\" content=\"https:\/\/www.cabe.it\/fr\/contacts\/\" \/>\n<meta property=\"og:site_name\" content=\"Cabe Stozzatrici - Machines-outils\" \/>\n<meta property=\"article:modified_time\" content=\"2019-06-19T17:05:52+00:00\" \/>\n<meta name=\"twitter:card\" content=\"summary_large_image\" \/>\n<meta name=\"twitter:label1\" content=\"Est. reading time\" \/>\n\t<meta name=\"twitter:data1\" content=\"6 minutes\" \/>\n<script type=\"application\/ld+json\" class=\"yoast-schema-graph\">{\"@context\":\"https:\/\/schema.org\",\"@graph\":[{\"@type\":\"WebPage\",\"@id\":\"https:\/\/www.cabe.it\/fr\/contacts\/\",\"url\":\"https:\/\/www.cabe.it\/fr\/contacts\/\",\"name\":\"Contacts | Cabe Stozzatrici - Machines-outils\",\"isPartOf\":{\"@id\":\"https:\/\/www.cabe.it\/fr\/#website\"},\"datePublished\":\"2019-06-05T18:06:11+00:00\",\"dateModified\":\"2019-06-19T17:05:52+00:00\",\"description\":\"Cabe Stozzatrici srl - Viale Duemila 4 - 27020 Borgo San Siro (PV) - Italie - T\u00e9l\u00e9phone +39 0382 874045 - Fax +39 0382 879203.\",\"breadcrumb\":{\"@id\":\"https:\/\/www.cabe.it\/fr\/contacts\/#breadcrumb\"},\"inLanguage\":\"fr-FR\",\"potentialAction\":[{\"@type\":\"ReadAction\",\"target\":[\"https:\/\/www.cabe.it\/fr\/contacts\/\"]}]},{\"@type\":\"BreadcrumbList\",\"@id\":\"https:\/\/www.cabe.it\/fr\/contacts\/#breadcrumb\",\"itemListElement\":[{\"@type\":\"ListItem\",\"position\":1,\"name\":\"Home\",\"item\":\"https:\/\/www.cabe.it\/fr\/\"},{\"@type\":\"ListItem\",\"position\":2,\"name\":\"Contacts\"}]},{\"@type\":\"WebSite\",\"@id\":\"https:\/\/www.cabe.it\/fr\/#website\",\"url\":\"https:\/\/www.cabe.it\/fr\/\",\"name\":\"Cabe Stozzatrici - Machines-outils\",\"description\":\"Nous concevons et construisons Mortaiseuses, Brocheuses, Rainureuses et Affu\u0302teuses manuelles et CNC.\",\"publisher\":{\"@id\":\"https:\/\/www.cabe.it\/fr\/#organization\"},\"potentialAction\":[{\"@type\":\"SearchAction\",\"target\":{\"@type\":\"EntryPoint\",\"urlTemplate\":\"https:\/\/www.cabe.it\/fr\/?s={search_term_string}\"},\"query-input\":{\"@type\":\"PropertyValueSpecification\",\"valueRequired\":true,\"valueName\":\"search_term_string\"}}],\"inLanguage\":\"fr-FR\"},{\"@type\":\"Organization\",\"@id\":\"https:\/\/www.cabe.it\/fr\/#organization\",\"name\":\"Cabe Stozzatrici Srl\",\"url\":\"https:\/\/www.cabe.it\/fr\/\",\"logo\":{\"@type\":\"ImageObject\",\"inLanguage\":\"fr-FR\",\"@id\":\"https:\/\/www.cabe.it\/fr\/#\/schema\/logo\/image\/\",\"url\":\"https:\/\/www.cabe.it\/wp-content\/uploads\/2019\/03\/logocabe.png\",\"contentUrl\":\"https:\/\/www.cabe.it\/wp-content\/uploads\/2019\/03\/logocabe.png\",\"width\":512,\"height\":512,\"caption\":\"Cabe Stozzatrici Srl\"},\"image\":{\"@id\":\"https:\/\/www.cabe.it\/fr\/#\/schema\/logo\/image\/\"}}]}<\/script>\n<!-- \/ Yoast SEO plugin. -->","yoast_head_json":{"title":"Contacts | Cabe Stozzatrici - Machines-outils","description":"Cabe Stozzatrici srl - Viale Duemila 4 - 27020 Borgo San Siro (PV) - Italie - T\u00e9l\u00e9phone +39 0382 874045 - Fax +39 0382 879203.","robots":{"index":"index","follow":"follow","max-snippet":"max-snippet:-1","max-image-preview":"max-image-preview:large","max-video-preview":"max-video-preview:-1"},"canonical":"https:\/\/www.cabe.it\/fr\/contacts\/","og_locale":"fr_FR","og_type":"article","og_title":"Contacts | Cabe Stozzatrici - Machines-outils","og_description":"Cabe Stozzatrici srl - Viale Duemila 4 - 27020 Borgo San Siro (PV) - Italie - T\u00e9l\u00e9phone +39 0382 874045 - Fax +39 0382 879203.","og_url":"https:\/\/www.cabe.it\/fr\/contacts\/","og_site_name":"Cabe Stozzatrici - Machines-outils","article_modified_time":"2019-06-19T17:05:52+00:00","twitter_card":"summary_large_image","twitter_misc":{"Est. reading time":"6 minutes"},"schema":{"@context":"https:\/\/schema.org","@graph":[{"@type":"WebPage","@id":"https:\/\/www.cabe.it\/fr\/contacts\/","url":"https:\/\/www.cabe.it\/fr\/contacts\/","name":"Contacts | Cabe Stozzatrici - Machines-outils","isPartOf":{"@id":"https:\/\/www.cabe.it\/fr\/#website"},"datePublished":"2019-06-05T18:06:11+00:00","dateModified":"2019-06-19T17:05:52+00:00","description":"Cabe Stozzatrici srl - Viale Duemila 4 - 27020 Borgo San Siro (PV) - Italie - T\u00e9l\u00e9phone +39 0382 874045 - Fax +39 0382 879203.","breadcrumb":{"@id":"https:\/\/www.cabe.it\/fr\/contacts\/#breadcrumb"},"inLanguage":"fr-FR","potentialAction":[{"@type":"ReadAction","target":["https:\/\/www.cabe.it\/fr\/contacts\/"]}]},{"@type":"BreadcrumbList","@id":"https:\/\/www.cabe.it\/fr\/contacts\/#breadcrumb","itemListElement":[{"@type":"ListItem","position":1,"name":"Home","item":"https:\/\/www.cabe.it\/fr\/"},{"@type":"ListItem","position":2,"name":"Contacts"}]},{"@type":"WebSite","@id":"https:\/\/www.cabe.it\/fr\/#website","url":"https:\/\/www.cabe.it\/fr\/","name":"Cabe Stozzatrici - Machines-outils","description":"Nous concevons et construisons Mortaiseuses, Brocheuses, Rainureuses et Affu\u0302teuses manuelles et CNC.","publisher":{"@id":"https:\/\/www.cabe.it\/fr\/#organization"},"potentialAction":[{"@type":"SearchAction","target":{"@type":"EntryPoint","urlTemplate":"https:\/\/www.cabe.it\/fr\/?s={search_term_string}"},"query-input":{"@type":"PropertyValueSpecification","valueRequired":true,"valueName":"search_term_string"}}],"inLanguage":"fr-FR"},{"@type":"Organization","@id":"https:\/\/www.cabe.it\/fr\/#organization","name":"Cabe Stozzatrici Srl","url":"https:\/\/www.cabe.it\/fr\/","logo":{"@type":"ImageObject","inLanguage":"fr-FR","@id":"https:\/\/www.cabe.it\/fr\/#\/schema\/logo\/image\/","url":"https:\/\/www.cabe.it\/wp-content\/uploads\/2019\/03\/logocabe.png","contentUrl":"https:\/\/www.cabe.it\/wp-content\/uploads\/2019\/03\/logocabe.png","width":512,"height":512,"caption":"Cabe Stozzatrici Srl"},"image":{"@id":"https:\/\/www.cabe.it\/fr\/#\/schema\/logo\/image\/"}}]}},"_links":{"self":[{"href":"https:\/\/www.cabe.it\/fr\/wp-json\/wp\/v2\/pages\/7003","targetHints":{"allow":["GET"]}}],"collection":[{"href":"https:\/\/www.cabe.it\/fr\/wp-json\/wp\/v2\/pages"}],"about":[{"href":"https:\/\/www.cabe.it\/fr\/wp-json\/wp\/v2\/types\/page"}],"author":[{"embeddable":true,"href":"https:\/\/www.cabe.it\/fr\/wp-json\/wp\/v2\/users\/1"}],"replies":[{"embeddable":true,"href":"https:\/\/www.cabe.it\/fr\/wp-json\/wp\/v2\/comments?post=7003"}],"version-history":[{"count":7,"href":"https:\/\/www.cabe.it\/fr\/wp-json\/wp\/v2\/pages\/7003\/revisions"}],"predecessor-version":[{"id":7121,"href":"https:\/\/www.cabe.it\/fr\/wp-json\/wp\/v2\/pages\/7003\/revisions\/7121"}],"wp:attachment":[{"href":"https:\/\/www.cabe.it\/fr\/wp-json\/wp\/v2\/media?parent=7003"}],"curies":[{"name":"wp","href":"https:\/\/api.w.org\/{rel}","templated":true}]}}