{"id":6999,"date":"2019-06-05T19:04:35","date_gmt":"2019-06-05T17:04:35","guid":{"rendered":"https:\/\/www.cabe.it\/video\/"},"modified":"2019-06-05T19:06:24","modified_gmt":"2019-06-05T17:06:24","slug":"video","status":"publish","type":"page","link":"https:\/\/www.cabe.it\/fr\/video\/","title":{"rendered":"Vid\u00e9o machines-outils"},"content":{"rendered":"<p><div class=\"fusion-fullwidth fullwidth-box fusion-builder-row-1 video-background nonhundred-percent-fullwidth non-hundred-percent-height-scrolling fusion-no-small-visibility fusion-no-medium-visibility\" style=\"--awb-background-position:left top;--awb-border-radius-top-left:0px;--awb-border-radius-top-right:0px;--awb-border-radius-bottom-right:0px;--awb-border-radius-bottom-left:0px;--awb-padding-top:130px;--awb-padding-bottom:120px;--awb-border-sizes-top:0px;--awb-border-sizes-bottom:0px;--awb-flex-wrap:wrap;\" ><div style='opacity:0;' class='fusion-background-video-wrapper' id='video-1' data-youtube-video-id='Hn9v4a6YIvw' data-mute='yes' data-loop='1' data-loop-adjustment='' data-video-aspect-ratio='16:9'><div class='fusion-container-video-bg' id='video-2-inner'><\/div><\/div><div class=\"fusion-builder-row fusion-row\"><div class=\"fusion-layout-column fusion_builder_column fusion-builder-column-0 fusion_builder_column_1_2 1_2 fusion-one-half fusion-column-first\" style=\"--awb-padding-top:100px;--awb-padding-bottom:100px;--awb-bg-size:cover;--awb-margin-top:100px;--awb-margin-bottom:100px;width:50%;width:calc(50% - ( ( 4% ) * 0.5 ) );margin-right: 4%;\"><div class=\"fusion-column-wrapper fusion-flex-column-wrapper-legacy\"><div class=\"fusion-text fusion-text-1\"><h2><\/h2>\n<h2><\/h2>\n<h2><\/h2>\n<h2><\/h2>\n<h2><\/h2>\n<\/div><div class=\"fusion-clearfix\"><\/div><\/div><\/div><\/div><\/div><div class=\"fusion-fullwidth fullwidth-box fusion-builder-row-2 nonhundred-percent-fullwidth non-hundred-percent-height-scrolling\" style=\"--awb-background-position:left top;--awb-border-radius-top-left:0px;--awb-border-radius-top-right:0px;--awb-border-radius-bottom-right:0px;--awb-border-radius-bottom-left:0px;--awb-padding-top:80px;--awb-padding-bottom:-60px;--awb-border-sizes-top:0px;--awb-border-sizes-bottom:0px;--awb-flex-wrap:wrap;\" ><div class=\"fusion-builder-row fusion-row\"><div class=\"fusion-layout-column fusion_builder_column fusion-builder-column-1 fusion_builder_column_1_1 1_1 fusion-one-full fusion-column-first fusion-column-last\" style=\"--awb-bg-size:cover;\"><div class=\"fusion-column-wrapper fusion-flex-column-wrapper-legacy\"><div class=\"fusion-text fusion-text-2\"><h1 style=\"text-align: center;\">VID\u00c9O DES MACHINES &amp; DES TRAVAUX<\/h1>\n<\/div><div class=\"fusion-sep-clear\"><\/div><div class=\"fusion-separator\" style=\"margin-left: auto;margin-right: auto;margin-top:0px;margin-bottom:35px;width:100%;max-width:170px;\"><div class=\"fusion-separator-border sep-single sep-solid\" style=\"--awb-height:20px;--awb-amount:20px;--awb-sep-color:#e2e3e8;border-color:#e2e3e8;border-top-width:3px;\"><\/div><\/div><div class=\"fusion-sep-clear\"><\/div><div class=\"fusion-clearfix\"><\/div><\/div><\/div><\/div><\/div><div class=\"fusion-fullwidth fullwidth-box fusion-builder-row-3 nonhundred-percent-fullwidth non-hundred-percent-height-scrolling fusion-equal-height-columns\" style=\"--awb-background-position:left top;--awb-border-radius-top-left:0px;--awb-border-radius-top-right:0px;--awb-border-radius-bottom-right:0px;--awb-border-radius-bottom-left:0px;--awb-padding-top:30px;--awb-padding-bottom:0px;--awb-border-sizes-top:0px;--awb-border-sizes-bottom:0px;--awb-flex-wrap:wrap;\" ><div class=\"fusion-builder-row fusion-row\"><div class=\"fusion-layout-column fusion_builder_column fusion-builder-column-2 fusion_builder_column_1_4 1_4 fusion-one-fourth fusion-column-first\" style=\"--awb-bg-color:#f8f8f8;--awb-bg-color-hover:#f8f8f8;--awb-bg-size:cover;width:22%; margin-right: 4%;\"><div class=\"fusion-column-wrapper fusion-flex-column-wrapper-legacy\"><div class=\"fusion-video fusion-youtube\" style=\"--awb-max-width:600px;--awb-max-height:360px;\"><div class=\"video-shortcode\"><div class=\"fluid-width-video-wrapper\" style=\"padding-top:60%;\" ><iframe title=\"YouTube video player 1\" src=\"https:\/\/www.youtube.com\/embed\/Hn9v4a6YIvw?wmode=transparent&autoplay=0\" width=\"600\" height=\"360\" allowfullscreen allow=\"autoplay; clipboard-write; encrypted-media; gyroscope; picture-in-picture;\"><\/iframe><\/div><\/div><\/div><div class=\"fusion-text fusion-text-3\"><div style=\"padding: 25px;\">\n<h4><strong> MORTAISEUSE ST5 CNC<\/strong><\/h4>\n<p>Mortaiseuse avec mise en mouvement contro\u0302le\u0301e de 5 axes.<\/p>\n<p>Machine appropri\u00e9e:<br \/>\n<strong style=\"color: #0094c4;\"><a title=\"ST5 CNC\" href=\"https:\/\/www.cabe.it\/fr\/mortaiseuse-st5-cnc\/\">ST5 CNC<\/a><\/strong><\/p>\n<\/div>\n<\/div><div class=\"fusion-clearfix\"><\/div><\/div><\/div><div class=\"fusion-layout-column fusion_builder_column fusion-builder-column-3 fusion_builder_column_1_4 1_4 fusion-one-fourth\" style=\"--awb-bg-color:#f8f8f8;--awb-bg-color-hover:#f8f8f8;--awb-bg-size:cover;width:22%; margin-right: 4%;\"><div class=\"fusion-column-wrapper fusion-flex-column-wrapper-legacy\"><div class=\"fusion-video fusion-youtube\" style=\"--awb-max-width:600px;--awb-max-height:360px;\"><div class=\"video-shortcode\"><div class=\"fluid-width-video-wrapper\" style=\"padding-top:60%;\" ><iframe title=\"YouTube video player 2\" src=\"https:\/\/www.youtube.com\/embed\/qv4kJGkVkqk?wmode=transparent&autoplay=0\" width=\"600\" height=\"360\" allowfullscreen allow=\"autoplay; clipboard-write; encrypted-media; gyroscope; picture-in-picture;\"><\/iframe><\/div><\/div><\/div><div class=\"fusion-text fusion-text-4\"><div style=\"padding: 25px;\">\n<h4><strong>MORTAISEUSE ST4 CNC<\/strong><\/h4>\n<p>Mortaiseuse avec mise en mouvement contro\u0302le\u0301e de 4 axes.<\/p>\n<p>Machine appropri\u00e9e:<br \/>\n<a title=\"ST4 CNC\" href=\"https:\/\/www.cabe.it\/fr\/mortaiseuse-st4-cnc\/\"><strong>ST4 CNC<\/strong><\/a><\/p>\n<\/div>\n<\/div><div class=\"fusion-clearfix\"><\/div><\/div><\/div><div class=\"fusion-layout-column fusion_builder_column fusion-builder-column-4 fusion_builder_column_1_4 1_4 fusion-one-fourth\" style=\"--awb-bg-color:#f8f8f8;--awb-bg-color-hover:#f8f8f8;--awb-bg-size:cover;width:22%; margin-right: 4%;\"><div class=\"fusion-column-wrapper fusion-flex-column-wrapper-legacy\"><div class=\"fusion-video fusion-youtube\" style=\"--awb-max-width:600px;--awb-max-height:360px;\"><div class=\"video-shortcode\"><div class=\"fluid-width-video-wrapper\" style=\"padding-top:60%;\" ><iframe title=\"YouTube video player 3\" src=\"https:\/\/www.youtube.com\/embed\/O0KA0pB7Zvk?wmode=transparent&autoplay=0\" width=\"600\" height=\"360\" allowfullscreen allow=\"autoplay; clipboard-write; encrypted-media; gyroscope; picture-in-picture;\"><\/iframe><\/div><\/div><\/div><div class=\"fusion-text fusion-text-5\"><div style=\"padding: 25px;\">\n<h4><strong>RAINUREUSE SC32-450<\/strong><\/h4>\n<p>Rainureuses id\u00e9ale pour la coupe des clavettes particuli\u00e8rement longues et larges.<\/p>\n<p>Machine:<br \/>\n<a title=\"SC32-450\" href=\"https:\/\/www.cabe.it\/fr\/rainureuse-sc-32-450\/\"><strong>SC32-450<\/strong><\/a><\/p>\n<\/div>\n<\/div><div class=\"fusion-clearfix\"><\/div><\/div><\/div><div class=\"fusion-layout-column fusion_builder_column fusion-builder-column-5 fusion_builder_column_1_4 1_4 fusion-one-fourth fusion-column-last\" style=\"--awb-bg-color:#f8f8f8;--awb-bg-color-hover:#f8f8f8;--awb-bg-size:cover;width:22%;\"><div class=\"fusion-column-wrapper fusion-flex-column-wrapper-legacy\"><div class=\"fusion-video fusion-youtube\" style=\"--awb-max-width:600px;--awb-max-height:360px;\"><div class=\"video-shortcode\"><div class=\"fluid-width-video-wrapper\" style=\"padding-top:60%;\" ><iframe title=\"YouTube video player 4\" src=\"https:\/\/www.youtube.com\/embed\/mehC_IbMHKQ?wmode=transparent&autoplay=0\" width=\"600\" height=\"360\" allowfullscreen allow=\"autoplay; clipboard-write; encrypted-media; gyroscope; picture-in-picture;\"><\/iframe><\/div><\/div><\/div><div class=\"fusion-text fusion-text-6\"><div style=\"padding: 25px;\">\n<h4><strong>AFF\u00dbTEUSE CNC<\/strong><\/h4>\n<p>Aff\u00fbteuse avec mise en mouvement contro\u0302le\u0301e de 4 axes.<\/p>\n<p>Machine:<br \/>\n<a title=\"AFF\u00dbTEUSE CNC\" href=\"https:\/\/www.cabe.it\/fr\/affu%cc%82teuses-cnc\/\"><strong>SMART 500 PRO<\/strong><\/a><\/p>\n<\/div>\n<\/div><div class=\"fusion-clearfix\"><\/div><\/div><\/div><\/div><\/div><div class=\"fusion-fullwidth fullwidth-box fusion-builder-row-4 nonhundred-percent-fullwidth non-hundred-percent-height-scrolling fusion-equal-height-columns\" style=\"--awb-background-position:left top;--awb-border-radius-top-left:0px;--awb-border-radius-top-right:0px;--awb-border-radius-bottom-right:0px;--awb-border-radius-bottom-left:0px;--awb-padding-top:30px;--awb-padding-bottom:0px;--awb-border-sizes-top:0px;--awb-border-sizes-bottom:0px;--awb-flex-wrap:wrap;\" ><div class=\"fusion-builder-row fusion-row\"><div class=\"fusion-layout-column fusion_builder_column fusion-builder-column-6 fusion_builder_column_1_4 1_4 fusion-one-fourth fusion-column-first\" style=\"--awb-bg-color:#f8f8f8;--awb-bg-color-hover:#f8f8f8;--awb-bg-size:cover;width:22%; margin-right: 4%;\"><div class=\"fusion-column-wrapper fusion-flex-column-wrapper-legacy\"><div class=\"fusion-video fusion-youtube\" style=\"--awb-max-width:600px;--awb-max-height:360px;\"><div class=\"video-shortcode\"><div class=\"fluid-width-video-wrapper\" style=\"padding-top:60%;\" ><iframe title=\"YouTube video player 5\" src=\"https:\/\/www.youtube.com\/embed\/M70GXuX4sKc?wmode=transparent&autoplay=0\" width=\"600\" height=\"360\" allowfullscreen allow=\"autoplay; clipboard-write; encrypted-media; gyroscope; picture-in-picture;\"><\/iframe><\/div><\/div><\/div><div class=\"fusion-text fusion-text-7\"><div style=\"padding: 25px;\">\n<h4><strong>ME\u0301THODE DE TAILLAGE MAAG<\/strong><\/h4>\n<p>R\u00e9alisable avec les mortaiseuses ST4 et ST5.<\/p>\n<p>Machine appropri\u00e9e:<br \/>\n<strong><a title=\"ST5 CNC\" href=\"https:\/\/www.cabe.it\/fr\/mortaiseuse-st5-cnc\/\">ST5 CNC, <\/a><a title=\"ST4 CNC\" href=\"https:\/\/www.cabe.it\/fr\/mortaiseuse-st4-cnc\/\">ST4 CNC<\/a><\/strong><\/p>\n<\/div>\n<\/div><div class=\"fusion-clearfix\"><\/div><\/div><\/div><div class=\"fusion-layout-column fusion_builder_column fusion-builder-column-7 fusion_builder_column_1_4 1_4 fusion-one-fourth\" style=\"--awb-bg-color:#f8f8f8;--awb-bg-color-hover:#f8f8f8;--awb-bg-size:cover;width:22%; margin-right: 4%;\"><div class=\"fusion-column-wrapper fusion-flex-column-wrapper-legacy\"><div class=\"fusion-video fusion-youtube\" style=\"--awb-max-width:600px;--awb-max-height:360px;\"><div class=\"video-shortcode\"><div class=\"fluid-width-video-wrapper\" style=\"padding-top:60%;\" ><iframe title=\"YouTube video player 6\" src=\"https:\/\/www.youtube.com\/embed\/EsYP3nRVf7o?wmode=transparent&autoplay=0\" width=\"600\" height=\"360\" allowfullscreen allow=\"autoplay; clipboard-write; encrypted-media; gyroscope; picture-in-picture;\"><\/iframe><\/div><\/div><\/div><div class=\"fusion-text fusion-text-8\"><div style=\"padding: 25px;\">\n<h4><strong>HE\u0301LICOI\u0308DALES<\/strong><\/h4>\n<p>R\u00e9alisable avec les mortaiseuses ST4 et ST5.<\/p>\n<p>Machine appropri\u00e9e:<br \/>\n<strong><a title=\"ST5 CNC\" href=\"https:\/\/www.cabe.it\/fr\/mortaiseuse-st5-cnc\/\">ST5 CNC, <\/a><a title=\"ST4 CNC\" href=\"https:\/\/www.cabe.it\/fr\/mortaiseuse-st4-cnc\/\">ST4 CNC<\/a><\/strong><\/p>\n<\/div>\n<\/div><div class=\"fusion-clearfix\"><\/div><\/div><\/div><div class=\"fusion-layout-column fusion_builder_column fusion-builder-column-8 fusion_builder_column_1_4 1_4 fusion-one-fourth\" style=\"--awb-bg-color:#f8f8f8;--awb-bg-color-hover:#f8f8f8;--awb-bg-size:cover;width:22%; margin-right: 4%;\"><div class=\"fusion-column-wrapper fusion-flex-column-wrapper-legacy\"><div class=\"fusion-video fusion-youtube\" style=\"--awb-max-width:600px;--awb-max-height:360px;\"><div class=\"video-shortcode\"><div class=\"fluid-width-video-wrapper\" style=\"padding-top:60%;\" ><iframe title=\"YouTube video player 7\" src=\"https:\/\/www.youtube.com\/embed\/nHjmfpvPW-Q?wmode=transparent&autoplay=0\" width=\"600\" height=\"360\" allowfullscreen allow=\"autoplay; clipboard-write; encrypted-media; gyroscope; picture-in-picture;\"><\/iframe><\/div><\/div><\/div><div class=\"fusion-text fusion-text-9\"><div style=\"padding: 25px;\">\n<h4><strong>BORGNES<\/strong><\/h4>\n<p>R\u00e9alisable avec les mortaiseuses ST4 et ST5.<\/p>\n<p>Machine appropri\u00e9e:<br \/>\n<strong><a title=\"ST5 CNC\" href=\"https:\/\/www.cabe.it\/fr\/mortaiseuse-st5-cnc\/\">ST5 CNC, <\/a><a title=\"ST4 CNC\" href=\"https:\/\/www.cabe.it\/fr\/mortaiseuse-st4-cnc\/\">ST4 CNC<\/a><\/strong><\/p>\n<\/div>\n<\/div><div class=\"fusion-clearfix\"><\/div><\/div><\/div><div class=\"fusion-layout-column fusion_builder_column fusion-builder-column-9 fusion_builder_column_1_4 1_4 fusion-one-fourth fusion-column-last\" style=\"--awb-bg-color:#f8f8f8;--awb-bg-color-hover:#f8f8f8;--awb-bg-size:cover;width:22%;\"><div class=\"fusion-column-wrapper fusion-flex-column-wrapper-legacy\"><div class=\"fusion-video fusion-youtube\" style=\"--awb-max-width:600px;--awb-max-height:360px;\"><div class=\"video-shortcode\"><div class=\"fluid-width-video-wrapper\" style=\"padding-top:60%;\" ><iframe title=\"YouTube video player 8\" src=\"https:\/\/www.youtube.com\/embed\/t-CWCGaSzpQ?wmode=transparent&autoplay=0\" width=\"600\" height=\"360\" allowfullscreen allow=\"autoplay; clipboard-write; encrypted-media; gyroscope; picture-in-picture;\"><\/iframe><\/div><\/div><\/div><div class=\"fusion-text fusion-text-10\"><div style=\"padding: 25px;\">\n<h4><strong>CONIQUES<\/strong><\/h4>\n<p>R\u00e9alisable avec les mortaiseuses ST4 et ST5.<\/p>\n<p>Machine appropri\u00e9e:<br \/>\n<strong><a title=\"ST5 CNC\" href=\"https:\/\/www.cabe.it\/fr\/mortaiseuse-st5-cnc\/\">ST5 CNC, <\/a><a title=\"ST4 CNC\" href=\"https:\/\/www.cabe.it\/fr\/mortaiseuse-st4-cnc\/\">ST4 CNC<\/a><\/strong><\/p>\n<\/div>\n<\/div><div class=\"fusion-clearfix\"><\/div><\/div><\/div><\/div><\/div><div class=\"fusion-fullwidth fullwidth-box fusion-builder-row-5 nonhundred-percent-fullwidth non-hundred-percent-height-scrolling fusion-equal-height-columns\" style=\"--awb-background-position:left top;--awb-border-radius-top-left:0px;--awb-border-radius-top-right:0px;--awb-border-radius-bottom-right:0px;--awb-border-radius-bottom-left:0px;--awb-padding-top:30px;--awb-padding-bottom:0px;--awb-border-sizes-top:0px;--awb-border-sizes-bottom:0px;--awb-flex-wrap:wrap;\" ><div class=\"fusion-builder-row fusion-row\"><div class=\"fusion-layout-column fusion_builder_column fusion-builder-column-10 fusion_builder_column_1_4 1_4 fusion-one-fourth fusion-column-first\" style=\"--awb-bg-color:#f8f8f8;--awb-bg-color-hover:#f8f8f8;--awb-bg-size:cover;width:22%; margin-right: 4%;\"><div class=\"fusion-column-wrapper fusion-flex-column-wrapper-legacy\"><div class=\"fusion-video fusion-youtube\" style=\"--awb-max-width:600px;--awb-max-height:360px;\"><div class=\"video-shortcode\"><div class=\"fluid-width-video-wrapper\" style=\"padding-top:60%;\" ><iframe title=\"YouTube video player 9\" src=\"https:\/\/www.youtube.com\/embed\/TGC-N5jtlAE?wmode=transparent&autoplay=0\" width=\"600\" height=\"360\" allowfullscreen allow=\"autoplay; clipboard-write; encrypted-media; gyroscope; picture-in-picture;\"><\/iframe><\/div><\/div><\/div><div class=\"fusion-text fusion-text-11\"><div style=\"padding: 25px;\">\n<h4><strong>FIXATION AUTOMATIQUE<\/strong><\/h4>\n<p>Fixation automatique de la pi\u00e8ce sur la mortaiseuse.<\/p>\n<p>Machine appropri\u00e9e:<br \/>\n<strong><a title=\"ST5 CNC\" href=\"https:\/\/www.cabe.it\/fr\/mortaiseuse-st5-cnc\/\">ST5 CNC, <\/a><a title=\"ST4 CNC\" href=\"https:\/\/www.cabe.it\/fr\/mortaiseuse-st4-cnc\/\">ST4 CNC<\/a><\/strong><\/p>\n<\/div>\n<\/div><div class=\"fusion-clearfix\"><\/div><\/div><\/div><div class=\"fusion-layout-column fusion_builder_column fusion-builder-column-11 fusion_builder_column_1_4 1_4 fusion-one-fourth\" style=\"--awb-bg-color:#f8f8f8;--awb-bg-color-hover:#f8f8f8;--awb-bg-size:cover;width:22%; margin-right: 4%;\"><div class=\"fusion-column-wrapper fusion-flex-column-wrapper-legacy\"><div class=\"fusion-video fusion-youtube\" style=\"--awb-max-width:600px;--awb-max-height:360px;\"><div class=\"video-shortcode\"><div class=\"fluid-width-video-wrapper\" style=\"padding-top:60%;\" ><iframe title=\"YouTube video player 10\" src=\"https:\/\/www.youtube.com\/embed\/ujX5mOSMjP0?wmode=transparent&autoplay=0\" width=\"600\" height=\"360\" allowfullscreen allow=\"autoplay; clipboard-write; encrypted-media; gyroscope; picture-in-picture;\"><\/iframe><\/div><\/div><\/div><div class=\"fusion-text fusion-text-12\"><div style=\"padding: 25px;\">\n<h4><strong>AFF\u00dbTEUSE SUR MESURE<\/strong><\/h4>\n<p>Machine r\u00e9alis\u00e9e sp\u00e9cialement pour le client.<\/p>\n<p>Machine:<br \/>\n<a title=\"AFF\u00dbTEUSE CNC\" href=\"https:\/\/www.cabe.it\/fr\/affu%cc%82teuses-cnc\/\"><b>SMART 500 PRO<\/b><\/a><\/p>\n<\/div>\n<\/div><div class=\"fusion-clearfix\"><\/div><\/div><\/div><\/div><\/div><\/p>\n","protected":false},"excerpt":{"rendered":"","protected":false},"author":3,"featured_media":0,"parent":0,"menu_order":0,"comment_status":"closed","ping_status":"closed","template":"100-width.php","meta":{"footnotes":""},"class_list":["post-6999","page","type-page","status-publish","hentry"],"yoast_head":"<!-- This site is optimized with the Yoast SEO plugin v26.4 - https:\/\/yoast.com\/wordpress\/plugins\/seo\/ -->\n<title>Vid\u00e9o machines-outils | Cabe Stozzatrici - Machines-outils<\/title>\n<meta name=\"description\" content=\"Vid\u00e9o de machines et de processus. Nombreux clips vid\u00e9o de aff\u00fbteuses, mortaiseuses, brocheuses et rainureuses Cabe.\" \/>\n<meta name=\"robots\" content=\"index, follow, max-snippet:-1, max-image-preview:large, max-video-preview:-1\" \/>\n<link rel=\"canonical\" href=\"https:\/\/www.cabe.it\/fr\/video\/\" \/>\n<meta property=\"og:locale\" content=\"fr_FR\" \/>\n<meta property=\"og:type\" content=\"article\" \/>\n<meta property=\"og:title\" content=\"Vid\u00e9o machines-outils | Cabe Stozzatrici - Machines-outils\" \/>\n<meta property=\"og:description\" content=\"Vid\u00e9o de machines et de processus. Nombreux clips vid\u00e9o de aff\u00fbteuses, mortaiseuses, brocheuses et rainureuses Cabe.\" \/>\n<meta property=\"og:url\" content=\"https:\/\/www.cabe.it\/fr\/video\/\" \/>\n<meta property=\"og:site_name\" content=\"Cabe Stozzatrici - Machines-outils\" \/>\n<meta property=\"article:modified_time\" content=\"2019-06-05T17:06:24+00:00\" \/>\n<meta name=\"twitter:card\" content=\"summary_large_image\" \/>\n<meta name=\"twitter:label1\" content=\"Est. reading time\" \/>\n\t<meta name=\"twitter:data1\" content=\"11 minutes\" \/>\n<script type=\"application\/ld+json\" class=\"yoast-schema-graph\">{\"@context\":\"https:\/\/schema.org\",\"@graph\":[{\"@type\":\"WebPage\",\"@id\":\"https:\/\/www.cabe.it\/fr\/video\/\",\"url\":\"https:\/\/www.cabe.it\/fr\/video\/\",\"name\":\"Vid\u00e9o machines-outils | Cabe Stozzatrici - Machines-outils\",\"isPartOf\":{\"@id\":\"https:\/\/www.cabe.it\/fr\/#website\"},\"datePublished\":\"2019-06-05T17:04:35+00:00\",\"dateModified\":\"2019-06-05T17:06:24+00:00\",\"description\":\"Vid\u00e9o de machines et de processus. Nombreux clips vid\u00e9o de aff\u00fbteuses, mortaiseuses, brocheuses et rainureuses Cabe.\",\"breadcrumb\":{\"@id\":\"https:\/\/www.cabe.it\/fr\/video\/#breadcrumb\"},\"inLanguage\":\"fr-FR\",\"potentialAction\":[{\"@type\":\"ReadAction\",\"target\":[\"https:\/\/www.cabe.it\/fr\/video\/\"]}]},{\"@type\":\"BreadcrumbList\",\"@id\":\"https:\/\/www.cabe.it\/fr\/video\/#breadcrumb\",\"itemListElement\":[{\"@type\":\"ListItem\",\"position\":1,\"name\":\"Home\",\"item\":\"https:\/\/www.cabe.it\/fr\/\"},{\"@type\":\"ListItem\",\"position\":2,\"name\":\"Vid\u00e9o machines-outils\"}]},{\"@type\":\"WebSite\",\"@id\":\"https:\/\/www.cabe.it\/fr\/#website\",\"url\":\"https:\/\/www.cabe.it\/fr\/\",\"name\":\"Cabe Stozzatrici - Machines-outils\",\"description\":\"Nous concevons et construisons Mortaiseuses, Brocheuses, Rainureuses et Affu\u0302teuses manuelles et CNC.\",\"publisher\":{\"@id\":\"https:\/\/www.cabe.it\/fr\/#organization\"},\"potentialAction\":[{\"@type\":\"SearchAction\",\"target\":{\"@type\":\"EntryPoint\",\"urlTemplate\":\"https:\/\/www.cabe.it\/fr\/?s={search_term_string}\"},\"query-input\":{\"@type\":\"PropertyValueSpecification\",\"valueRequired\":true,\"valueName\":\"search_term_string\"}}],\"inLanguage\":\"fr-FR\"},{\"@type\":\"Organization\",\"@id\":\"https:\/\/www.cabe.it\/fr\/#organization\",\"name\":\"Cabe Stozzatrici Srl\",\"url\":\"https:\/\/www.cabe.it\/fr\/\",\"logo\":{\"@type\":\"ImageObject\",\"inLanguage\":\"fr-FR\",\"@id\":\"https:\/\/www.cabe.it\/fr\/#\/schema\/logo\/image\/\",\"url\":\"https:\/\/www.cabe.it\/wp-content\/uploads\/2019\/03\/logocabe.png\",\"contentUrl\":\"https:\/\/www.cabe.it\/wp-content\/uploads\/2019\/03\/logocabe.png\",\"width\":512,\"height\":512,\"caption\":\"Cabe Stozzatrici Srl\"},\"image\":{\"@id\":\"https:\/\/www.cabe.it\/fr\/#\/schema\/logo\/image\/\"}}]}<\/script>\n<!-- \/ Yoast SEO plugin. -->","yoast_head_json":{"title":"Vid\u00e9o machines-outils | Cabe Stozzatrici - Machines-outils","description":"Vid\u00e9o de machines et de processus. Nombreux clips vid\u00e9o de aff\u00fbteuses, mortaiseuses, brocheuses et rainureuses Cabe.","robots":{"index":"index","follow":"follow","max-snippet":"max-snippet:-1","max-image-preview":"max-image-preview:large","max-video-preview":"max-video-preview:-1"},"canonical":"https:\/\/www.cabe.it\/fr\/video\/","og_locale":"fr_FR","og_type":"article","og_title":"Vid\u00e9o machines-outils | Cabe Stozzatrici - Machines-outils","og_description":"Vid\u00e9o de machines et de processus. Nombreux clips vid\u00e9o de aff\u00fbteuses, mortaiseuses, brocheuses et rainureuses Cabe.","og_url":"https:\/\/www.cabe.it\/fr\/video\/","og_site_name":"Cabe Stozzatrici - Machines-outils","article_modified_time":"2019-06-05T17:06:24+00:00","twitter_card":"summary_large_image","twitter_misc":{"Est. reading time":"11 minutes"},"schema":{"@context":"https:\/\/schema.org","@graph":[{"@type":"WebPage","@id":"https:\/\/www.cabe.it\/fr\/video\/","url":"https:\/\/www.cabe.it\/fr\/video\/","name":"Vid\u00e9o machines-outils | Cabe Stozzatrici - Machines-outils","isPartOf":{"@id":"https:\/\/www.cabe.it\/fr\/#website"},"datePublished":"2019-06-05T17:04:35+00:00","dateModified":"2019-06-05T17:06:24+00:00","description":"Vid\u00e9o de machines et de processus. Nombreux clips vid\u00e9o de aff\u00fbteuses, mortaiseuses, brocheuses et rainureuses Cabe.","breadcrumb":{"@id":"https:\/\/www.cabe.it\/fr\/video\/#breadcrumb"},"inLanguage":"fr-FR","potentialAction":[{"@type":"ReadAction","target":["https:\/\/www.cabe.it\/fr\/video\/"]}]},{"@type":"BreadcrumbList","@id":"https:\/\/www.cabe.it\/fr\/video\/#breadcrumb","itemListElement":[{"@type":"ListItem","position":1,"name":"Home","item":"https:\/\/www.cabe.it\/fr\/"},{"@type":"ListItem","position":2,"name":"Vid\u00e9o machines-outils"}]},{"@type":"WebSite","@id":"https:\/\/www.cabe.it\/fr\/#website","url":"https:\/\/www.cabe.it\/fr\/","name":"Cabe Stozzatrici - Machines-outils","description":"Nous concevons et construisons Mortaiseuses, Brocheuses, Rainureuses et Affu\u0302teuses manuelles et CNC.","publisher":{"@id":"https:\/\/www.cabe.it\/fr\/#organization"},"potentialAction":[{"@type":"SearchAction","target":{"@type":"EntryPoint","urlTemplate":"https:\/\/www.cabe.it\/fr\/?s={search_term_string}"},"query-input":{"@type":"PropertyValueSpecification","valueRequired":true,"valueName":"search_term_string"}}],"inLanguage":"fr-FR"},{"@type":"Organization","@id":"https:\/\/www.cabe.it\/fr\/#organization","name":"Cabe Stozzatrici Srl","url":"https:\/\/www.cabe.it\/fr\/","logo":{"@type":"ImageObject","inLanguage":"fr-FR","@id":"https:\/\/www.cabe.it\/fr\/#\/schema\/logo\/image\/","url":"https:\/\/www.cabe.it\/wp-content\/uploads\/2019\/03\/logocabe.png","contentUrl":"https:\/\/www.cabe.it\/wp-content\/uploads\/2019\/03\/logocabe.png","width":512,"height":512,"caption":"Cabe Stozzatrici Srl"},"image":{"@id":"https:\/\/www.cabe.it\/fr\/#\/schema\/logo\/image\/"}}]}},"_links":{"self":[{"href":"https:\/\/www.cabe.it\/fr\/wp-json\/wp\/v2\/pages\/6999","targetHints":{"allow":["GET"]}}],"collection":[{"href":"https:\/\/www.cabe.it\/fr\/wp-json\/wp\/v2\/pages"}],"about":[{"href":"https:\/\/www.cabe.it\/fr\/wp-json\/wp\/v2\/types\/page"}],"author":[{"embeddable":true,"href":"https:\/\/www.cabe.it\/fr\/wp-json\/wp\/v2\/users\/3"}],"replies":[{"embeddable":true,"href":"https:\/\/www.cabe.it\/fr\/wp-json\/wp\/v2\/comments?post=6999"}],"version-history":[{"count":3,"href":"https:\/\/www.cabe.it\/fr\/wp-json\/wp\/v2\/pages\/6999\/revisions"}],"predecessor-version":[{"id":7002,"href":"https:\/\/www.cabe.it\/fr\/wp-json\/wp\/v2\/pages\/6999\/revisions\/7002"}],"wp:attachment":[{"href":"https:\/\/www.cabe.it\/fr\/wp-json\/wp\/v2\/media?parent=6999"}],"curies":[{"name":"wp","href":"https:\/\/api.w.org\/{rel}","templated":true}]}}