{"id":6996,"date":"2019-06-05T18:30:50","date_gmt":"2019-06-05T16:30:50","guid":{"rendered":"https:\/\/www.cabe.it\/vente-en-ligne\/"},"modified":"2019-07-04T19:08:57","modified_gmt":"2019-07-04T17:08:57","slug":"vente-en-ligne","status":"publish","type":"page","link":"https:\/\/www.cabe.it\/fr\/vente-en-ligne\/","title":{"rendered":"Vente en ligne"},"content":{"rendered":"<p><div class=\"fusion-bg-parallax\" data-bg-align=\"left top\" data-direction=\"up\" data-mute=\"false\" data-opacity=\"100\" data-velocity=\"-0.3\" data-mobile-enabled=\"false\" data-break_parents=\"0\" data-bg-image=\"http:\/\/www.cabe.it\/wp-content\/uploads\/2019\/02\/sitoweb-1024x630.jpg\" data-bg-repeat=\"false\" ><\/div><div class=\"fusion-fullwidth fullwidth-box fusion-builder-row-1 fusion-parallax-up nonhundred-percent-fullwidth non-hundred-percent-height-scrolling\" style=\"--awb-background-position:left top;--awb-border-radius-top-left:0px;--awb-border-radius-top-right:0px;--awb-border-radius-bottom-right:0px;--awb-border-radius-bottom-left:0px;--awb-padding-top:130px;--awb-padding-bottom:120px;--awb-background-image:url(&quot;http:\/\/www.cabe.it\/wp-content\/uploads\/2019\/02\/sitoweb-1024x630.jpg&quot;);--awb-background-size:cover;--awb-border-sizes-top:0px;--awb-border-sizes-bottom:0px;--awb-flex-wrap:wrap;\" ><div class=\"fusion-builder-row fusion-row\"><div class=\"fusion-layout-column fusion_builder_column fusion-builder-column-0 fusion_builder_column_1_2 1_2 fusion-one-half fusion-column-first\" style=\"--awb-bg-size:cover;width:48%; margin-right: 4%;\"><div class=\"fusion-column-wrapper fusion-flex-column-wrapper-legacy\"><div class=\"fusion-text fusion-text-1\"><h2><span style=\"color: #ffffff;\">CABE TOOLS ONLINE<\/span><\/h2>\n<p><span style=\"color: #ffffff;\">Le e-commerce Cabe Tools propose une gamme compl\u00e8te et innovante d\u2019outils de mortaisage. Des outils standard aux outils sp\u00e9ciaux, le catalogue propose une large s\u00e9lection de produits pour diff\u00e9rentes machines et capable de satisfaire les besoins de coupe les plus vari\u00e9s.<\/span><\/p>\n<\/div><div class=\"fusion-sep-clear\"><\/div><div class=\"fusion-separator fusion-full-width-sep\" style=\"margin-left: auto;margin-right: auto;margin-top:20px;width:100%;\"><\/div><div class=\"fusion-sep-clear\"><\/div><div class=\"fusion-button-wrapper\"><a class=\"fusion-button button-flat button-xlarge button-custom fusion-button-default button-1 fusion-button-default-span fusion-button-default-type\" style=\"--button_accent_color:#ffffff;--button_accent_hover_color:#ffffff;--button_border_hover_color:#ffffff;--button_border_width-top:1px;--button_border_width-right:1px;--button_border_width-bottom:1px;--button_border_width-left:1px;--button_gradient_top_color:#03a9f4;--button_gradient_bottom_color:#03a9f4;--button_gradient_top_color_hover:#03a9f4;--button_gradient_bottom_color_hover:#03a9f4;\" target=\"_blank\" rel=\"noopener noreferrer\" title=\"CABE TOOLS ONLINE\" aria-label=\"CABE TOOLS ONLINE\" href=\"http:\/\/www.buyslottingtools.com\"><span class=\"fusion-button-text awb-button__text awb-button__text--default\">VISITEZ LE BOUTIQUE<\/span><\/a><\/div><div class=\"fusion-clearfix\"><\/div><\/div><\/div><div class=\"fusion-layout-column fusion_builder_column fusion-builder-column-1 fusion_builder_column_1_2 1_2 fusion-one-half fusion-column-last\" style=\"--awb-bg-size:cover;width:48%;\"><div class=\"fusion-column-wrapper fusion-flex-column-wrapper-legacy\"><div class=\"fusion-clearfix\"><\/div><\/div><\/div><\/div><\/div><div class=\"fusion-fullwidth fullwidth-box fusion-builder-row-2 nonhundred-percent-fullwidth non-hundred-percent-height-scrolling\" style=\"--awb-background-position:left top;--awb-border-radius-top-left:0px;--awb-border-radius-top-right:0px;--awb-border-radius-bottom-right:0px;--awb-border-radius-bottom-left:0px;--awb-padding-top:80px;--awb-padding-bottom:60px;--awb-border-sizes-top:0px;--awb-border-sizes-bottom:0px;--awb-flex-wrap:wrap;\" ><div class=\"fusion-builder-row fusion-row\"><div class=\"fusion-layout-column fusion_builder_column fusion-builder-column-2 fusion_builder_column_2_3 2_3 fusion-two-third fusion-column-first\" style=\"--awb-bg-size:cover;width:65.3333%; margin-right: 4%;\"><div class=\"fusion-column-wrapper fusion-flex-column-wrapper-legacy\"><div class=\"fusion-text fusion-text-2\"><h1>VENTE EN LIGNE<\/h1>\n<\/div><div class=\"fusion-sep-clear\"><\/div><div class=\"fusion-separator fusion-clearfix\" style=\"float:left;margin-top:0px;margin-bottom:35px;width:100%;max-width:170px;\"><div class=\"fusion-separator-border sep-single sep-solid\" style=\"--awb-height:20px;--awb-amount:20px;--awb-sep-color:#e2e3e8;border-color:#e2e3e8;border-top-width:3px;\"><\/div><\/div><div class=\"fusion-sep-clear\"><\/div><div class=\"fusion-text fusion-text-3\"><h3><em>La boutique en ligne de vente d\u2019outils de mortaisage est con\u00e7ue comme un espace unique dans lequel vous pouvez facilement et imm\u00e9diatement acheter les outils n\u00e9cessaires.<\/em><\/h3>\n<\/div><div class=\"fusion-text fusion-text-4\"><p>Le boutique offre la possibilit\u00e9 de choisir des outils de diff\u00e9rentes tailles et formes, en fonction du type de travail \u00e0 effectuer. Tous les outils sont con\u00e7us et produits en interne. Un d\u00e9partement d\u00e9di\u00e9<br \/>\nprend soin de la fabrication des outils, en suivant les instructions de l&#8217;\u00e9quipe technique, qui con\u00e7oit les diff\u00e9rents composants.<\/p>\n<p>L&#8217;assistance technique de Cabe est toujours disponible pour vous aider dans le choix ou, si n\u00e9cessaire, pour concevoir des outils sur mesure, adapt\u00e9s aux besoins sp\u00e9cifiques.<\/p>\n<\/div><div class=\"fusion-sep-clear\"><\/div><div class=\"fusion-separator fusion-full-width-sep\" style=\"margin-left: auto;margin-right: auto;margin-top:20px;width:100%;\"><\/div><div class=\"fusion-sep-clear\"><\/div><div class=\"fusion-button-wrapper\"><a class=\"fusion-button button-flat button-medium button-custom fusion-button-default button-2 fusion-button-default-span fusion-button-default-type\" style=\"--button_accent_color:#333333;--button_accent_hover_color:#ffffff;--button_border_hover_color:#ffffff;--button_border_width-top:1px;--button_border_width-right:1px;--button_border_width-bottom:1px;--button_border_width-left:1px;--button_gradient_top_color:#ffffff;--button_gradient_bottom_color:#ffffff;--button_gradient_top_color_hover:#0094ca;--button_gradient_bottom_color_hover:#0094ca;\" target=\"_self\" title=\"CONTACTEZ NOUS\" aria-label=\"CONTACTEZ NOUS\" href=\"https:\/\/www.cabe.it\/fr\/contacts\/\"><i class=\"fa-check-circle fas awb-button__icon awb-button__icon--default button-icon-left\" aria-hidden=\"true\"><\/i><span class=\"fusion-button-text awb-button__text awb-button__text--default\">Contactez nous<\/span><\/a><\/div><div class=\"fusion-sep-clear\"><\/div><div class=\"fusion-separator fusion-no-medium-visibility fusion-no-large-visibility fusion-full-width-sep\" style=\"margin-left: auto;margin-right: auto;margin-top:20px;width:100%;\"><\/div><div class=\"fusion-sep-clear\"><\/div><div class=\"fusion-clearfix\"><\/div><\/div><\/div><div class=\"fusion-layout-column fusion_builder_column fusion-builder-column-3 fusion_builder_column_1_3 1_3 fusion-one-third fusion-column-last\" style=\"--awb-bg-size:cover;width:30.6666%;\"><div class=\"fusion-column-wrapper fusion-flex-column-wrapper-legacy\"><div class=\"fusion-image-element in-legacy-container\" style=\"--awb-caption-title-font-family:var(--h2_typography-font-family);--awb-caption-title-font-weight:var(--h2_typography-font-weight);--awb-caption-title-font-style:var(--h2_typography-font-style);--awb-caption-title-size:var(--h2_typography-font-size);--awb-caption-title-transform:var(--h2_typography-text-transform);--awb-caption-title-line-height:var(--h2_typography-line-height);--awb-caption-title-letter-spacing:var(--h2_typography-letter-spacing);\"><span class=\" fusion-imageframe imageframe-none imageframe-1 hover-type-zoomin fusion-animated\" data-animationType=\"fadeInDown\" data-animationDuration=\"1.0\" data-animationOffset=\"top-into-view\"><a href=\"https:\/\/www.cabe.it\/wp-content\/uploads\/2019\/02\/inserto_stozzatrice.jpg\" class=\"fusion-lightbox\" data-rel=\"iLightbox[807f60de0b07a7724ee]\" data-title=\"Plaquettes Mortaiseuses\" title=\"Plaquettes Mortaiseuses\"><img decoding=\"async\" width=\"750\" height=\"1097\" alt=\"Plaquettes Mortaiseuses Cabe Stozzatrici\" src=\"https:\/\/www.cabe.it\/wp-content\/uploads\/2019\/02\/inserto_stozzatrice.jpg\" class=\"img-responsive wp-image-5001\" srcset=\"https:\/\/www.cabe.it\/wp-content\/uploads\/2019\/02\/inserto_stozzatrice-200x293.jpg 200w, https:\/\/www.cabe.it\/wp-content\/uploads\/2019\/02\/inserto_stozzatrice-400x585.jpg 400w, https:\/\/www.cabe.it\/wp-content\/uploads\/2019\/02\/inserto_stozzatrice-600x878.jpg 600w, https:\/\/www.cabe.it\/wp-content\/uploads\/2019\/02\/inserto_stozzatrice.jpg 750w\" sizes=\"(max-width: 800px) 100vw, 400px\" \/><\/a><\/span><\/div><div class=\"fusion-clearfix\"><\/div><\/div><\/div><\/div><\/div><\/p>\n","protected":false},"excerpt":{"rendered":"","protected":false},"author":3,"featured_media":0,"parent":0,"menu_order":0,"comment_status":"closed","ping_status":"closed","template":"100-width.php","meta":{"footnotes":""},"class_list":["post-6996","page","type-page","status-publish","hentry"],"yoast_head":"<!-- This site is optimized with the Yoast SEO plugin v26.4 - https:\/\/yoast.com\/wordpress\/plugins\/seo\/ -->\n<title>Vente en ligne | Cabe Stozzatrici - Machines-outils<\/title>\n<meta name=\"description\" content=\"Le e-commerce Cabe Tools propose une gamme compl\u00e8te et innovante d\u2019outils de mortaisage. Des outils standard aux outils sp\u00e9ciaux.\" \/>\n<meta name=\"robots\" content=\"index, follow, max-snippet:-1, max-image-preview:large, max-video-preview:-1\" \/>\n<link rel=\"canonical\" href=\"https:\/\/www.cabe.it\/fr\/vente-en-ligne\/\" \/>\n<meta property=\"og:locale\" content=\"fr_FR\" \/>\n<meta property=\"og:type\" content=\"article\" \/>\n<meta property=\"og:title\" content=\"Vente en ligne | Cabe Stozzatrici - Machines-outils\" \/>\n<meta property=\"og:description\" content=\"Le e-commerce Cabe Tools propose une gamme compl\u00e8te et innovante d\u2019outils de mortaisage. Des outils standard aux outils sp\u00e9ciaux.\" \/>\n<meta property=\"og:url\" content=\"https:\/\/www.cabe.it\/fr\/vente-en-ligne\/\" \/>\n<meta property=\"og:site_name\" content=\"Cabe Stozzatrici - Machines-outils\" \/>\n<meta property=\"article:modified_time\" content=\"2019-07-04T17:08:57+00:00\" \/>\n<meta name=\"twitter:card\" content=\"summary_large_image\" \/>\n<meta name=\"twitter:label1\" content=\"Est. reading time\" \/>\n\t<meta name=\"twitter:data1\" content=\"5 minutes\" \/>\n<script type=\"application\/ld+json\" class=\"yoast-schema-graph\">{\"@context\":\"https:\/\/schema.org\",\"@graph\":[{\"@type\":\"WebPage\",\"@id\":\"https:\/\/www.cabe.it\/fr\/vente-en-ligne\/\",\"url\":\"https:\/\/www.cabe.it\/fr\/vente-en-ligne\/\",\"name\":\"Vente en ligne | Cabe Stozzatrici - Machines-outils\",\"isPartOf\":{\"@id\":\"https:\/\/www.cabe.it\/fr\/#website\"},\"datePublished\":\"2019-06-05T16:30:50+00:00\",\"dateModified\":\"2019-07-04T17:08:57+00:00\",\"description\":\"Le e-commerce Cabe Tools propose une gamme compl\u00e8te et innovante d\u2019outils de mortaisage. Des outils standard aux outils sp\u00e9ciaux.\",\"breadcrumb\":{\"@id\":\"https:\/\/www.cabe.it\/fr\/vente-en-ligne\/#breadcrumb\"},\"inLanguage\":\"fr-FR\",\"potentialAction\":[{\"@type\":\"ReadAction\",\"target\":[\"https:\/\/www.cabe.it\/fr\/vente-en-ligne\/\"]}]},{\"@type\":\"BreadcrumbList\",\"@id\":\"https:\/\/www.cabe.it\/fr\/vente-en-ligne\/#breadcrumb\",\"itemListElement\":[{\"@type\":\"ListItem\",\"position\":1,\"name\":\"Home\",\"item\":\"https:\/\/www.cabe.it\/fr\/\"},{\"@type\":\"ListItem\",\"position\":2,\"name\":\"Vente en ligne\"}]},{\"@type\":\"WebSite\",\"@id\":\"https:\/\/www.cabe.it\/fr\/#website\",\"url\":\"https:\/\/www.cabe.it\/fr\/\",\"name\":\"Cabe Stozzatrici - Machines-outils\",\"description\":\"Nous concevons et construisons Mortaiseuses, Brocheuses, Rainureuses et Affu\u0302teuses manuelles et CNC.\",\"publisher\":{\"@id\":\"https:\/\/www.cabe.it\/fr\/#organization\"},\"potentialAction\":[{\"@type\":\"SearchAction\",\"target\":{\"@type\":\"EntryPoint\",\"urlTemplate\":\"https:\/\/www.cabe.it\/fr\/?s={search_term_string}\"},\"query-input\":{\"@type\":\"PropertyValueSpecification\",\"valueRequired\":true,\"valueName\":\"search_term_string\"}}],\"inLanguage\":\"fr-FR\"},{\"@type\":\"Organization\",\"@id\":\"https:\/\/www.cabe.it\/fr\/#organization\",\"name\":\"Cabe Stozzatrici Srl\",\"url\":\"https:\/\/www.cabe.it\/fr\/\",\"logo\":{\"@type\":\"ImageObject\",\"inLanguage\":\"fr-FR\",\"@id\":\"https:\/\/www.cabe.it\/fr\/#\/schema\/logo\/image\/\",\"url\":\"https:\/\/www.cabe.it\/wp-content\/uploads\/2019\/03\/logocabe.png\",\"contentUrl\":\"https:\/\/www.cabe.it\/wp-content\/uploads\/2019\/03\/logocabe.png\",\"width\":512,\"height\":512,\"caption\":\"Cabe Stozzatrici Srl\"},\"image\":{\"@id\":\"https:\/\/www.cabe.it\/fr\/#\/schema\/logo\/image\/\"}}]}<\/script>\n<!-- \/ Yoast SEO plugin. -->","yoast_head_json":{"title":"Vente en ligne | Cabe Stozzatrici - Machines-outils","description":"Le e-commerce Cabe Tools propose une gamme compl\u00e8te et innovante d\u2019outils de mortaisage. Des outils standard aux outils sp\u00e9ciaux.","robots":{"index":"index","follow":"follow","max-snippet":"max-snippet:-1","max-image-preview":"max-image-preview:large","max-video-preview":"max-video-preview:-1"},"canonical":"https:\/\/www.cabe.it\/fr\/vente-en-ligne\/","og_locale":"fr_FR","og_type":"article","og_title":"Vente en ligne | Cabe Stozzatrici - Machines-outils","og_description":"Le e-commerce Cabe Tools propose une gamme compl\u00e8te et innovante d\u2019outils de mortaisage. Des outils standard aux outils sp\u00e9ciaux.","og_url":"https:\/\/www.cabe.it\/fr\/vente-en-ligne\/","og_site_name":"Cabe Stozzatrici - Machines-outils","article_modified_time":"2019-07-04T17:08:57+00:00","twitter_card":"summary_large_image","twitter_misc":{"Est. reading time":"5 minutes"},"schema":{"@context":"https:\/\/schema.org","@graph":[{"@type":"WebPage","@id":"https:\/\/www.cabe.it\/fr\/vente-en-ligne\/","url":"https:\/\/www.cabe.it\/fr\/vente-en-ligne\/","name":"Vente en ligne | Cabe Stozzatrici - Machines-outils","isPartOf":{"@id":"https:\/\/www.cabe.it\/fr\/#website"},"datePublished":"2019-06-05T16:30:50+00:00","dateModified":"2019-07-04T17:08:57+00:00","description":"Le e-commerce Cabe Tools propose une gamme compl\u00e8te et innovante d\u2019outils de mortaisage. Des outils standard aux outils sp\u00e9ciaux.","breadcrumb":{"@id":"https:\/\/www.cabe.it\/fr\/vente-en-ligne\/#breadcrumb"},"inLanguage":"fr-FR","potentialAction":[{"@type":"ReadAction","target":["https:\/\/www.cabe.it\/fr\/vente-en-ligne\/"]}]},{"@type":"BreadcrumbList","@id":"https:\/\/www.cabe.it\/fr\/vente-en-ligne\/#breadcrumb","itemListElement":[{"@type":"ListItem","position":1,"name":"Home","item":"https:\/\/www.cabe.it\/fr\/"},{"@type":"ListItem","position":2,"name":"Vente en ligne"}]},{"@type":"WebSite","@id":"https:\/\/www.cabe.it\/fr\/#website","url":"https:\/\/www.cabe.it\/fr\/","name":"Cabe Stozzatrici - Machines-outils","description":"Nous concevons et construisons Mortaiseuses, Brocheuses, Rainureuses et Affu\u0302teuses manuelles et CNC.","publisher":{"@id":"https:\/\/www.cabe.it\/fr\/#organization"},"potentialAction":[{"@type":"SearchAction","target":{"@type":"EntryPoint","urlTemplate":"https:\/\/www.cabe.it\/fr\/?s={search_term_string}"},"query-input":{"@type":"PropertyValueSpecification","valueRequired":true,"valueName":"search_term_string"}}],"inLanguage":"fr-FR"},{"@type":"Organization","@id":"https:\/\/www.cabe.it\/fr\/#organization","name":"Cabe Stozzatrici Srl","url":"https:\/\/www.cabe.it\/fr\/","logo":{"@type":"ImageObject","inLanguage":"fr-FR","@id":"https:\/\/www.cabe.it\/fr\/#\/schema\/logo\/image\/","url":"https:\/\/www.cabe.it\/wp-content\/uploads\/2019\/03\/logocabe.png","contentUrl":"https:\/\/www.cabe.it\/wp-content\/uploads\/2019\/03\/logocabe.png","width":512,"height":512,"caption":"Cabe Stozzatrici Srl"},"image":{"@id":"https:\/\/www.cabe.it\/fr\/#\/schema\/logo\/image\/"}}]}},"_links":{"self":[{"href":"https:\/\/www.cabe.it\/fr\/wp-json\/wp\/v2\/pages\/6996","targetHints":{"allow":["GET"]}}],"collection":[{"href":"https:\/\/www.cabe.it\/fr\/wp-json\/wp\/v2\/pages"}],"about":[{"href":"https:\/\/www.cabe.it\/fr\/wp-json\/wp\/v2\/types\/page"}],"author":[{"embeddable":true,"href":"https:\/\/www.cabe.it\/fr\/wp-json\/wp\/v2\/users\/3"}],"replies":[{"embeddable":true,"href":"https:\/\/www.cabe.it\/fr\/wp-json\/wp\/v2\/comments?post=6996"}],"version-history":[{"count":6,"href":"https:\/\/www.cabe.it\/fr\/wp-json\/wp\/v2\/pages\/6996\/revisions"}],"predecessor-version":[{"id":7239,"href":"https:\/\/www.cabe.it\/fr\/wp-json\/wp\/v2\/pages\/6996\/revisions\/7239"}],"wp:attachment":[{"href":"https:\/\/www.cabe.it\/fr\/wp-json\/wp\/v2\/media?parent=6996"}],"curies":[{"name":"wp","href":"https:\/\/api.w.org\/{rel}","templated":true}]}}